{"id":33035,"date":"2022-05-04T18:26:58","date_gmt":"2022-05-04T16:26:58","guid":{"rendered":"https:\/\/www.cbleon-abogados.com\/advocaat-in-alicante\/"},"modified":"2022-05-04T18:30:42","modified_gmt":"2022-05-04T16:30:42","slug":"advocaat-in-alicante","status":"publish","type":"page","link":"https:\/\/cbleon-abogados.com\/nl\/advocaat-in-alicante\/","title":{"rendered":"Advocaat in Alicante"},"content":{"rendered":"<div class=\"wpb-content-wrapper\"><p>[vc_row][vc_column][vc_empty_space height=&#8221;8.6em&#8221; alter_height=&#8221;none&#8221; hide_on_mobile=&#8221;&#8221;][\/vc_column][vc_column width=&#8221;1\/2&#8243;][vc_single_image image=&#8221;17560&#8243; img_size=&#8221;full&#8221;][vc_empty_space height=&#8221;4em&#8221; alter_height=&#8221;none&#8221; hide_on_mobile=&#8221;&#8221;][\/vc_column][vc_column width=&#8221;1\/2&#8243;][vc_column_text]<\/p>\n<h2 style=\"margin-bottom: 0.4em;\"><strong>Advocaat in Alicante Carlos Ba\u00f1o Le\u00f3n<\/strong><\/h2>\n<p><span class=\"trx_addons_dropcap trx_addons_dropcap_style_1\">C<\/span><\/p>\n<p><span style=\"color: #000000;\">arlos Ba\u00f1o Le\u00f3n, <strong>advocaat in Alicante<\/strong>,  met meer dan 36 jaar activiteit en gevestigd in de stad Alicante, de vijfde provincie op de nationale ranglijst in termen van BBP en met een zeer belangrijk gewicht in onroerend goed, toerisme en commerci\u00eble activiteiten, ontwikkelt haar activiteit op opvallende wijze in de onroerend goed- en dienstensector, niet alleen in het kader van de extraterritoriale betrekkingen, maar ook in de strikt nationale sfeer.<\/span><\/p>\n<p><span style=\"color: #000000;\"><strong>Advocaat in Alicante<\/strong> Carlos Ba\u00f1o Le\u00f3n, is een internationaal lid van de prestigieuze<span style=\"color: #3366ff;\"><a style=\"color: #3366ff;\" href=\"http:\/\/worldjurist.org\/\" target=\"_blank\" rel=\"noopener\"><em> World Jurist Association<\/em><\/a><\/span>.<\/span><\/p>\n<p><span style=\"color: #000000;\">Vanwege het grote belang van de toeristische sector, de bouw en de dienstensector als drijvende kracht achter de economie van  <a href=\"https:\/\/www.alicante.es\/es\" target=\"_blank\" rel=\"noopener\">Alicante<\/a>, gedurende vele jaren het kantoor van  <strong>Abogados Alicante<\/strong> de Carlos Ba\u00f1o Le\u00f3n werkt ook met cli\u00ebnten van verschillende nationaliteiten die ge\u00efnteresseerd zijn in het investeren in Spanje, meestal in de onroerend goed sector.<\/span>[\/vc_column_text][\/vc_column][\/vc_row][vc_row][vc_column][vc_column_text]<span style=\"color: #000000;\">Dit contact met de internationale arena maakt <strong>Abogados de Alicante<\/strong> de <a href=\"https:\/\/nl.cblspanishlawyers.com\/advocatenkantoor-in-spanje\/\" target=\"_blank\" rel=\"noopener\">Carlos Ba\u00f1o Le\u00f3n<\/a>  is een veelgevraagd advocatenkantoor als het gaat om het opstellen van internationale contracten, die in de provincie Alicante zeer vaak voorkomen, niet alleen vanwege het belang van de provincie als toeristische bestemming, maar ook vanwege het grote aantal diensten dat in de provincie beschikbaar is, hetgeen leidt tot een aanzienlijk volume aan grensoverschrijdende zaken.<\/span><\/p>\n<p><span style=\"color: #000000;\">Het resultaat van ons werk is de ervaring die wij onze cli\u00ebnten bieden, met name op het gebied van onroerend goed en huisvesting, burgerlijk recht, schuldvorderingen, contractueel recht en strafrecht, zonder onze belangrijke specialiteit in internationaal en handelsrecht te vergeten.<\/span><\/p>\n<p><span style=\"color: #000000;\">Onze activiteit als vastgoedadvocaten is opmerkelijk en een goed voorbeeld daarvan zijn de pagina&#8217;s van deze website waar wij onze gerechtelijke en buitengerechtelijke activiteit op het gebied van vastgoed- en woonrecht belichten.<\/span><\/p>\n<p><span style=\"color: #000000;\">Kijk wat wij zeggen over onze talrijke artikelen, de vrucht van vele dagen werk en een zeer belangrijke gerechtelijke activiteit.<\/span><\/p>\n<p><span style=\"color: #000000;\">Mis de rest van de specialiteiten van Carlos Ba\u00f1o Le\u00f3n <strong>Advocaat van Alicante<\/strong> niet, met de nadruk op burgerlijk recht, strafrecht, handelsrecht en internationaal recht, naast arbeidsrecht, bieden wij juridisch advies van het hoogste professionalisme.<\/span><\/p>\n<p><span style=\"color: #000000;\">Wij zijn ervan overtuigd dat wij u kunnen helpen in de beste economische en professionele omstandigheden.<\/span><\/p>\n<h3><span style=\"color: #000000;\"><strong>Waarom vertrouwen op Abogados Alicante Carlos Ba\u00f1o Le\u00f3n?<\/strong><\/span><\/h3>\n<p>&nbsp;<\/p>\n<p><iframe loading=\"lazy\" title=\"Carlos Ba\u00f1o Le\u00f3n Abogados  \ud83d\udcbc  Derecho Inmobiliario, Civil, Penal y Comercio Internacional.\" width=\"1170\" height=\"658\" src=\"https:\/\/www.youtube.com\/embed\/P-jmAiOk_hM?feature=oembed\" frameborder=\"0\" allow=\"accelerometer; autoplay; clipboard-write; encrypted-media; gyroscope; picture-in-picture\" allowfullscreen><\/iframe><\/p>\n<p><span style=\"color: #000000;\"><img loading=\"lazy\" decoding=\"async\" class=\"aligncenter wp-image-29794 size-full\" src=\"https:\/\/www.cbleon-abogados.com\/wp-content\/uploads\/2019\/02\/abogados-en-alicante.jpg\" alt=\"Advocaat in Alicante - Stad Alicante Spanje\" width=\"800\" height=\"533\" srcset=\"https:\/\/cbleon-abogados.com\/wp-content\/uploads\/2019\/02\/abogados-en-alicante.jpg 800w, https:\/\/cbleon-abogados.com\/wp-content\/uploads\/2019\/02\/abogados-en-alicante-300x200.jpg 300w, https:\/\/cbleon-abogados.com\/wp-content\/uploads\/2019\/02\/abogados-en-alicante-768x512.jpg 768w, https:\/\/cbleon-abogados.com\/wp-content\/uploads\/2019\/02\/abogados-en-alicante-370x247.jpg 370w, https:\/\/cbleon-abogados.com\/wp-content\/uploads\/2019\/02\/abogados-en-alicante-760x506.jpg 760w\" sizes=\"auto, (max-width: 800px) 100vw, 800px\" \/><\/span><\/p>\n<p><span style=\"color: #000000;\">Met ingang van februari 2019 oefent Carlos Ba\u00f1o Le\u00f3n <strong>Abogados Alicante<\/strong> al 36 jaar zijn beroep uit in Alicante, en onze professionals zijn werkzaam in heel Spanje.<\/span><\/p>\n<p><span style=\"color: #000000;\">Zonder blikken of blozen zeggen wij dat u tevreden zult zijn als u een beroep doet op onze diensten, al moet worden toegegeven dat dit op het gebied van de rechtspraak, die de rechtbanken en de gerechtshoven verlenen, niet vaak het geval is.<\/span><\/p>\n<p><span style=\"color: #000000;\">Het is duidelijk dat een gang naar de rechter betekent dat men een resultaat wil bereiken dat altijd gunstig is, hetgeen soms niet het geval is.<\/span><\/p>\n<p><span style=\"color: #000000;\">Het recht is geen exacte wetenschap, maar van de beroepsbeoefenaar tot wie men zich wendt, kan een minimum aan eisen worden verlangd, zoals ernst, professionaliteit, eerlijkheid, oprechtheid en, uiteraard, de verplichting tot geheimhouding van persoonsgegevens of cli\u00ebntgegevens.<\/span><\/p>\n<p><span style=\"color: #000000;\">En hier doen we een sterke toezegging aan onze klanten.<\/span><\/p>\n<h4><span style=\"color: #000000;\"><strong>Wat maakt ons anders?<\/strong><\/span><\/h4>\n<p><span style=\"color: #000000;\"><img loading=\"lazy\" decoding=\"async\" class=\"alignright wp-image-29798\" src=\"https:\/\/www.cbleon-abogados.com\/wp-content\/uploads\/2019\/02\/abogado-en-alicante-justicia.jpg\" alt=\"Advocaat in Alicante - Advocatenkantoor informatie\" width=\"500\" height=\"344\" srcset=\"https:\/\/cbleon-abogados.com\/wp-content\/uploads\/2019\/02\/abogado-en-alicante-justicia.jpg 800w, https:\/\/cbleon-abogados.com\/wp-content\/uploads\/2019\/02\/abogado-en-alicante-justicia-300x207.jpg 300w, https:\/\/cbleon-abogados.com\/wp-content\/uploads\/2019\/02\/abogado-en-alicante-justicia-768x529.jpg 768w, https:\/\/cbleon-abogados.com\/wp-content\/uploads\/2019\/02\/abogado-en-alicante-justicia-370x255.jpg 370w, https:\/\/cbleon-abogados.com\/wp-content\/uploads\/2019\/02\/abogado-en-alicante-justicia-760x523.jpg 760w\" sizes=\"auto, (max-width: 500px) 100vw, 500px\" \/><\/span><\/p>\n<p><span style=\"color: #000000;\">De volledige toewijding van ons allen die deel uitmaken van dit advocatenkantoor aan de  <strong>Advocaten in Alicante die niet alleen wordt erkend door onze ruime werkuren van 8 tot 19 uur van maandag tot vrijdag.<\/strong>  maar via de chat op onze website, waar wij oplossingen proberen te bieden voor de vragen die wij dagelijks krijgen, en waar wij de cli\u00ebnt begeleiden voordat hij zijn zaak meer in detail met het kantoor bespreekt.<\/span><\/p>\n<p><span style=\"color: #000000;\">Voordat de cli\u00ebnt kan beslissen wat te doen, geven wij onze cli\u00ebnten altijd gratis een rapport, zodat wij hun zaak uitdrukkelijk schriftelijk kunnen bespreken en ons advies en onze mening gratis kunnen geven, hetgeen de wilsvorming en de besluitvorming van de cli\u00ebnt aanzienlijk vergemakkelijkt.<\/span><\/p>\n<p><span style=\"color: #000000;\">U zult ons altijd bereid vinden om naar de plaats te gaan waar u uw probleem heeft, omdat wij begrijpen dat het voor het indienen van een rechtsvordering vaak van essentieel belang is om naar de plaats van de feiten te gaan, omdat dit een duidelijk begrip van de zaak vergemakkelijkt, en dit geldt in het geval van vorderingen die te maken hebben met de fysieke realiteit van een eigendom, grond of een ander goed.<\/span><\/p>\n<p><span style=\"color: #000000;\">Gewoonlijk ontmoeten wij cli\u00ebnten wanneer dat mogelijk is, omdat wij graag persoonlijk worden gekend en wij er geen probleem mee hebben om te gaan waar de cli\u00ebnt ons nodig heeft.<\/span><\/p>\n<p><span style=\"color: #000000;\">Wij ontvangen onze cli\u00ebnten even vaak als zij naar ons kantoor komen en wij beantwoorden hun e-mails en telefoongesprekken zonder uitstel.<\/span><\/p>\n<p><span style=\"color: #000000;\">Wij streven ernaar de cli\u00ebnt op de hoogte te houden van de stand van zaken in zijn zaak en wij verbinden ons ertoe de zaak regelmatig voor de rechter te brengen.<\/span><\/p>\n<h3><span style=\"color: #000000;\"><strong>Wat wordt er uitbesteed wanneer u contact opneemt met Bufete de Abogados en Alicante Carlos Ba\u00f1o Le\u00f3n?<\/strong><\/span><\/h3>\n<p><span style=\"color: #000000;\">Bij de uitoefening van onze beroepsactiviteit laten wij ons leiden door de beginselen, rechten en plichten die in onze ethische regels zijn vastgelegd.<\/span><\/p>\n<p><span style=\"color: #000000;\">Het hoofd van het kantoor, de heer Carlos Ba\u00f1o Le\u00f3n, is <strong>sinds 1982<\/strong>lid van de orde van advocaten te <strong>Alicante<\/strong>.<\/span><\/p>\n<p><span style=\"color: #000000;\">Wij gaan onder meer uit van de idealen van de Verklaring van de Rechten van de Mens en van de Wereld Juristen Vereniging, naast de in Spanje geldende Deontologische Regels die onze beroepsactiviteit beheersen, waarbij wij trachten te verzekeren dat waarheid en eerlijkheid de boventoon voeren bij de uitoefening van onze activiteit en dat de verdediging van de rechten en belangen van onze cli\u00ebnten niet ons enige doel en oogmerk is.<\/span><\/p>\n<h3><span style=\"color: #000000;\"><strong>Wat zal mij worden aangerekend voor de diensten?<\/strong><\/span><\/h3>\n<p><span style=\"color: #000000;\">Carlos Ba\u00f1o Le\u00f3n&#8217;s<strong>Alicante Advocaten<\/strong> heeft een zeer betaalbaar prijsbeleid waarbij wij proberen een prijs te bereiken die idealiter dicht bij het belang van de zaak en de complexiteit ervan ligt en bij de hoogte met de persoonlijke economische omstandigheden van de cli\u00ebnt.<\/span><\/p>\n<p><span style=\"color: #000000;\">Wij verstrekken gedetailleerde, strakke en gesloten offertes voor onze diensten en, wat zeer belangrijk is, wij vergemakkelijken de betaling door de cli\u00ebnt.<\/span><\/p>\n<p><span style=\"color: #000000;\">U hoeft zich geen zorgen te maken als u niet in Alicante bent en als uw zaak voor een rechtbank in een andere stad of provincie in Spanje komt, aangezien dit onze prijzen nooit zal veranderen.<\/span><\/p>\n<p><span style=\"color: #000000;\">Soms wordt ons gevraagd of het feit dat wij niet in dezelfde stad zijn als de cli\u00ebnt, op de een of andere manier, duidelijk of verhuld, een prijsverhoging zou betekenen, waarop wij altijd op dezelfde manier antwoorden.<\/span><\/p>\n<p><span style=\"color: #000000;\">Er is nooit een verschil.<\/span><\/p>\n<p><span style=\"color: #000000;\">Het is bekend dat de &#8220;Fee Guiding Rules&#8221; die jarenlang het honorariumbeleid voor advocaten in Spanje hebben geregeld, niet langer van kracht zijn.<\/span><\/p>\n<p><span style=\"color: #000000;\">Tegenwoordig verschilt het beroep van advocaat niet van de rest van de vrije beroepsactiviteiten waarvoor geen regels inzake honoraria gelden, aangezien er op de markt vrije mededinging heerst en deze altijd in het voordeel van de consument is. In deze materie geldt dus de contractuele vrijheid om honoraria overeen te komen, hoewel er altijd rekening mee moet worden gehouden dat, wil men een kwalitatief hoogstaande dienstverlening en bijstand en een vrije en onpartijdige uitoefening van het beroep, de betaling van de honoraria van de advocaat adequaat moet zijn en moet zijn aangepast aan de omstandigheden van het geval.<\/span>[\/vc_column_text][vc_gmaps link=&#8221;#E-8_JTNDaWZyYW1lJTIwc3JjJTNEJTIyaHR0cHMlM0ElMkYlMkZ3d3cuZ29vZ2xlLmNvbSUyRm1hcHMlMkZlbWJlZCUzRnBiJTNEJTIxMW0xOCUyMTFtMTIlMjExbTMlMjExZDI2MTIuNTM1ODc5NTE1NDIzJTIxMmQtMC40OTQ3OTUyMjE0ODYxNzg1NSUyMTNkMzguMzQwNjU1Mzc1NjYzMzglMjEybTMlMjExZjAlMjEyZjAlMjEzZjAlMjEzbTIlMjExaTEwMjQlMjEyaTc2OCUyMTRmMTMuMSUyMTNtMyUyMTFtMiUyMTFzMHhkNjIzNjQ5NjdjMDcwYzklMjUzQTB4YjljYmJlYWE3ZDIxMTY4NSUyMTJ6UTJGeWJHOXpJRUpodzdGdklFeGx3N051JTIxNWUwJTIxM20yJTIxMXNlcyUyMTJzZXMlMjE0djE1NDk5NzQyODkwNTYlMjIlMjB3aWR0aCUzRCUyMjYwMCUyMiUyMGhlaWdodCUzRCUyMjQ1MCUyMiUyMGZyYW1lYm9yZGVyJTNEJTIyMCUyMiUyMHN0eWxlJTNEJTIyYm9yZGVyJTNBMCUyMiUyMGFsbG93ZnVsbHNjcmVlbiUzRCUyMiUyMiUzRSUzQyUyRmlmcmFtZSUzRQ==&#8221; title=&#8221;kaart&#8221;][vc_row_inner][vc_column_inner][vc_basic_grid post_type=&#8221;post&#8221; max_items=&#8221;3&#8243; grid_id=&#8221;vc_gid:1651680195108-7d52bf9c-f37d-6&#8243;][\/vc_column_inner][\/vc_row_inner][\/vc_column][\/vc_row][vc_row full_width=&#8221;stretch_row_content_no_spaces&#8221;][vc_column][vc_single_image image=&#8221;17562&#8243; img_size=&#8221;full&#8221;][\/vc_column][\/vc_row][vc_row full_width=&#8221;stretch_row_content_no_spaces&#8221;][vc_column width=&#8221;1\/2&#8243;][vc_single_image image=&#8221;17563&#8243; img_size=&#8221;full&#8221;][\/vc_column][vc_column width=&#8221;1\/2&#8243;][vc_single_image image=&#8221;17564&#8243; img_size=&#8221;full&#8221;][\/vc_column][\/vc_row][vc_row full_width=&#8221;stretch_row_content_no_spaces&#8221; scheme=&#8221;dark&#8221; css=&#8221;.vc_custom_1534497107879{margin-right: 0px !important;margin-left: 0px !important;background-image: url(https:\/\/www.cbleon-abogados.com\/wp-content\/uploads\/2018\/08\/calltoaction_bg2.jpg?id=1645) !important;background-position: center !important;background-repeat: no-repeat !important;background-size: cover !important;}&#8221;][vc_column width=&#8221;1\/12&#8243;][\/vc_column][vc_column width=&#8221;5\/6&#8243;][vc_empty_space height=&#8221;6.6em&#8221; alter_height=&#8221;none&#8221; hide_on_mobile=&#8221;&#8221;]<div id=\"sc_title_601560879\"\n\t\tclass=\"sc_title color_style_default sc_title_default\"><h3 class=\"sc_item_title sc_title_title sc_align_center sc_item_title_style_default\">PRIMERA CONSULTA GRATUITA<\/h3><\/div><!-- \/.sc_title -->[vc_column_text]<\/p>\n<p style=\"text-align: center; color: #fff;\">Bel nu vrijblijvend<\/p>\n<p>[\/vc_column_text][vc_empty_space height=&#8221;2.8em&#8221; alter_height=&#8221;none&#8221; hide_on_mobile=&#8221;&#8221;]<div class=\"sc_item_button sc_button_wrap sc_align_center\"><a href=\"tel:+34965921853\" id=\"sc_button_185378351\" class=\"sc_button color_style_default sc_button_default sc_button_size_normal sc_button_icon_left\"><span class=\"sc_button_text\"><span class=\"sc_button_title\">Llamar ahora<span class=\"trx_addons_icon-arrow\"><\/span><\/span><\/span><!-- \/.sc_button_text --><\/a><!-- \/.sc_button --><\/div><!-- \/.sc_item_button -->[vc_empty_space height=&#8221;6em&#8221; alter_height=&#8221;none&#8221; hide_on_mobile=&#8221;&#8221;][\/vc_column][vc_column width=&#8221;1\/12&#8243;][\/vc_column][\/vc_row]<\/p>\n<\/div>","protected":false},"excerpt":{"rendered":"<p>[vc_row][vc_column][vc_empty_space height=&#8221;8.6em&#8221; alter_height=&#8221;none&#8221; hide_on_mobile=&#8221;&#8221;][\/vc_column][vc_column width=&#8221;1\/2&#8243;][vc_single_image image=&#8221;17560&#8243; img_size=&#8221;full&#8221;][vc_empty_space height=&#8221;4em&#8221; alter_height=&#8221;none&#8221; hide_on_mobile=&#8221;&#8221;][\/vc_column][vc_column width=&#8221;1\/2&#8243;][vc_column_text] Advocaat in Alicante Carlos Ba\u00f1o Le\u00f3n C arlos Ba\u00f1o Le\u00f3n, advocaat in Alicante, met meer dan 36 jaar activiteit en gevestigd in de stad Alicante, de vijfde provincie op de nationale ranglijst in termen van BBP en met een zeer belangrijk gewicht in onroerend goed, toerisme en commerci\u00eble activiteiten,&hellip;<\/p>\n","protected":false},"author":7,"featured_media":25988,"parent":0,"menu_order":0,"comment_status":"closed","ping_status":"closed","template":"","meta":{"_acf_changed":false,"_joinchat":[],"footnotes":""},"class_list":["post-33035","page","type-page","status-publish","has-post-thumbnail","hentry"],"acf":[],"_links":{"self":[{"href":"https:\/\/cbleon-abogados.com\/nl\/wp-json\/wp\/v2\/pages\/33035","targetHints":{"allow":["GET"]}}],"collection":[{"href":"https:\/\/cbleon-abogados.com\/nl\/wp-json\/wp\/v2\/pages"}],"about":[{"href":"https:\/\/cbleon-abogados.com\/nl\/wp-json\/wp\/v2\/types\/page"}],"author":[{"embeddable":true,"href":"https:\/\/cbleon-abogados.com\/nl\/wp-json\/wp\/v2\/users\/7"}],"replies":[{"embeddable":true,"href":"https:\/\/cbleon-abogados.com\/nl\/wp-json\/wp\/v2\/comments?post=33035"}],"version-history":[{"count":0,"href":"https:\/\/cbleon-abogados.com\/nl\/wp-json\/wp\/v2\/pages\/33035\/revisions"}],"wp:featuredmedia":[{"embeddable":true,"href":"https:\/\/cbleon-abogados.com\/nl\/wp-json\/wp\/v2\/media\/25988"}],"wp:attachment":[{"href":"https:\/\/cbleon-abogados.com\/nl\/wp-json\/wp\/v2\/media?parent=33035"}],"curies":[{"name":"wp","href":"https:\/\/api.w.org\/{rel}","templated":true}]}}