{"id":29851,"date":"2019-02-18T13:29:21","date_gmt":"2019-02-18T13:29:21","guid":{"rendered":"https:\/\/www.cbleon-abogados.com\/?page_id=29851"},"modified":"2020-05-29T14:14:36","modified_gmt":"2020-05-29T14:14:36","slug":"advocaat-alicante-costa-blanca-spanje","status":"publish","type":"page","link":"https:\/\/cbleon-abogados.com\/nl\/advocaat-alicante-costa-blanca-spanje\/","title":{"rendered":"Advocaat Spanje"},"content":{"rendered":"<div class=\"wpb-content-wrapper\"><p>[vc_row][vc_column][vc_empty_space height=&#8221;8.6em&#8221; alter_height=&#8221;none&#8221; hide_on_mobile=&#8221;&#8221;][\/vc_column][vc_column width=&#8221;1\/2&#8243;][vc_single_image image=&#8221;17560&#8243; img_size=&#8221;full&#8221;][vc_empty_space height=&#8221;4em&#8221; alter_height=&#8221;none&#8221; hide_on_mobile=&#8221;&#8221;][\/vc_column][vc_column width=&#8221;1\/2&#8243;][vc_column_text]<\/p>\n<h2><strong>CARLOS BA\u00d1O LE\u00d3N ADVOCAAT IN ALICANTE<\/strong><\/h2>\n<p><span class=\"trx_addons_dropcap trx_addons_dropcap_style_1\">H<\/span><\/p>\n<p><span style=\"color: #000000;\">err Carlos Ba\u00f1o Leon advocaat <strong>in Spanje (Costablanca- Alicante)<\/strong><strong>\u00a0<\/strong>werd\u00a0opgericht in 1984, licenciaat in het Recht, titel bekomen via de Faculteit van Rechtsgeleerdheid van Valencia in het jaar 1982.<\/span><\/p>\n<p><span style=\"color: #000000;\">De eerste startjaren van dit kantoor van Carlos Ba\u00f1o Le\u00f3n\u00a0<strong>advocaten<\/strong> waren gefocusd op het\u00a0<a style=\"color: #000000;\" href=\"https:\/\/nl.cblspanishlawyers.com\/arbeidsrecht-spanje\/\" target=\"_blank\" rel=\"noopener\">Arbeidsrecht<\/a>\u00a0en\u00a0<a style=\"color: #000000;\" href=\"https:\/\/nl.cblspanishlawyers.com\/burgelijk-recht\/\" target=\"_blank\" rel=\"noopener\">Burgelijk Recht<\/a>, welke redelijk belangrijk waren zodat we snel rechtsbijstand gaven aan belangrijke instellingen van Alicante, zoals de Orde van apothekers, de Orden van de Dokters van Alicante, de Orden van ATS, evenals rechshulpverlener voor belangrijke bedrijven.<\/span><\/p>\n<p><span style=\"color: #000000;\">De verdieping in kennis die werden bekomen door dit kantoor van\u00a0<strong>advocaten van de Costablanca<\/strong>, zorgden ervoor dat zijn werkgebied zich verruimde naar gebieden zoals belegging in Vastgoed, juridisch aanklachten in Spanje, het Strafrecht, Handelsrecht en International Recht, erkennend met betrekking tot deze laatste er steeds meer klanten van buitenlandse nationaliteit zijn die hun vertrouwen hebben gesteld in de\u00a0<strong>advocaten van Carlos Ba\u00f1o Le\u00f3n te Costablanca, Spanje.<\/strong><\/span><\/p>\n<p><span style=\"color: #000000;\">We hebben ruime ervaring in verschillende specialiteiten van het Recht, en benadrukkend specifiek het\u00a0<a style=\"color: #000000;\" href=\"https:\/\/nl.cblspanishlawyers.com\/advies-vastgoedrecht\/\" target=\"_blank\" rel=\"noopener\"><strong>Vastgoedrecht, de bouw of bouwconstructies<\/strong><\/a><strong>\u00a0en Hypotheken;\u00a0<\/strong><a style=\"color: #000000;\" href=\"https:\/\/nl.cblspanishlawyers.com\/diensten\/invordering-handelsschulden-spanje\/\" target=\"_blank\" rel=\"noopener\"><strong>Invordering\u00a0<\/strong><\/a><a style=\"color: #000000;\" href=\"https:\/\/nl.cblspanishlawyers.com\/diensten\/invordering-handelsschulden-spanje\/\" target=\"_blank\" rel=\"noopener\"><strong>Handelsschulden<\/strong><\/a><strong>,\u00a0<\/strong><a style=\"color: #000000;\" href=\"https:\/\/nl.cblspanishlawyers.com\/diensten\/schadevordering-m-i-v-lichamelijke-schade-morele-verlies-enz\/\" target=\"_blank\" rel=\"noopener\"><strong>Aansprakelijkheidsrecht<\/strong><\/a><strong>; Verplichtingen en Contracten,\u00a0\u00a0\u00a0<\/strong><a style=\"color: #000000;\" href=\"https:\/\/nl.cblspanishlawyers.com\/internationale-handel\/\" target=\"_blank\" rel=\"noopener\"><strong>Internationale Handel<\/strong><\/a><strong><u>,\u00a0<\/u><\/strong><a style=\"color: #000000;\" href=\"https:\/\/nl.cblspanishlawyers.com\/handelsrecht\/\" target=\"_blank\" rel=\"noopener\"><strong>Handelsrecht<\/strong><\/a><strong><u>,\u00a0<\/u><\/strong><a style=\"color: #000000;\" href=\"https:\/\/nl.cblspanishlawyers.com\/burgelijk-recht\/\" target=\"_blank\" rel=\"noopener\"><strong>Burgelijk Recht<\/strong><\/a><strong><u>,\u00a0<\/u><\/strong><a style=\"color: #000000;\" href=\"https:\/\/nl.cblspanishlawyers.com\/arbeidsrecht-spanje\/\" target=\"_blank\" rel=\"noopener\"><strong>Arbeidsrecht,\u00a0<\/strong><\/a><strong><u>\u00a0<\/u><\/strong><a style=\"color: #000000;\" href=\"https:\/\/nl.cblspanishlawyers.com\/strafrecht-spanje\/\" target=\"_blank\" rel=\"noopener\"><strong>Strafrecht<\/strong><\/a><strong>.\u00a0<\/strong><\/span><\/p>\n<p><span style=\"color: #000000;\">Talrijke klanten, zowel bedrijven als particulieren, hebben vertrouwd in de diensten die <strong>Carlos Ba\u00f1o Le\u00f3n advocaat te Spanje <\/strong><strong>kantoor<\/strong>\u00a0levert, welke zijn hoofdzakelijke actielijnen ge\u00efnspireerd zijn op de profesionaliteit en het respect tot de deontologie van het beroep.<\/span>[\/vc_column_text][\/vc_column][\/vc_row][vc_row][vc_column][vc_column_text]<span style=\"color: #000000;\">We beschikken over een team van professionele voorbereide\u00a0<strong>advocaten van Alicante<\/strong>\u00a0om de beste service af te leveren, welke wordt aangetoond door grote hoeveelheid van dossiers die we hebben bijgestaan, en de grote hoeveelheid van welslagen die we hebben behaald.<\/span><\/p>\n<p><span style=\"color: #000000;\"><img loading=\"lazy\" decoding=\"async\" class=\"aligncenter wp-image-29855 size-full\" src=\"https:\/\/nl.cblspanishlawyers.com\/wp-content\/uploads\/2019\/02\/abogados-en-alicante-1.jpg\" alt=\"Aerial view of Alicante at dusk. Catalonia, Spain\" width=\"800\" height=\"533\" srcset=\"https:\/\/cbleon-abogados.com\/wp-content\/uploads\/2019\/02\/abogados-en-alicante-1.jpg 800w, https:\/\/cbleon-abogados.com\/wp-content\/uploads\/2019\/02\/abogados-en-alicante-1-300x200.jpg 300w, https:\/\/cbleon-abogados.com\/wp-content\/uploads\/2019\/02\/abogados-en-alicante-1-768x512.jpg 768w, https:\/\/cbleon-abogados.com\/wp-content\/uploads\/2019\/02\/abogados-en-alicante-1-370x247.jpg 370w, https:\/\/cbleon-abogados.com\/wp-content\/uploads\/2019\/02\/abogados-en-alicante-1-760x506.jpg 760w\" sizes=\"auto, (max-width: 800px) 100vw, 800px\" \/><\/span><\/p>\n<p><span style=\"color: #000000;\">We beschikken over grote ervaring ook bij economische aanklachten, waarbij we onze klanten bijstaan bij het oplossen van hun\u00a0<strong>betalingsachterstand\u00a0<\/strong>op de meest efici\u00ebnte manier.<\/span><\/p>\n<p><span style=\"color: #000000;\">Het kantoor van <strong>Carlos Ba\u00f1o Le\u00f3n advocaten te Spanje (Costablanca \u2013Alicante)<\/strong> bevind zich in het volledige centrum van Alicante en is gevormd door een groep van hooggeschoolde professionelen, welke beschikken over ruime ervaring op zowel het jurisch als buitengerechtelijke rechtsgebied.<\/span><\/p>\n<p><span style=\"color: #000000;\">Ons ondersteunend personeel is geschoold universitair personeel met talen en met ruime ervaring in het gebruik van kantoorautomatisering.\u00a0<strong>(engels, nederlands, duits, spaans).<\/strong><\/span><\/p>\n<p><span style=\"color: #000000;\">Alhoewel we ons in Alicante bevinden, werken onze advocaten van Alicante reeds vele jaren met alle Rechtbanken en Gerechshoven van Spanje, zonder dat wanneer we onze klanten dienen te vergezellen buiten Alicante, dit een grote kost teweegbrengt voor onze klanten.<\/span><\/p>\n<p><span style=\"color: #000000;\">We weten dat aan elke klant en elk tema persoonlijke aandacht dient geschonken te worden en het is daarvoor dat\u00a0<strong>onze advocaten van Alicante<\/strong>\u00a0ter uwer beschikking hebben van een gratis dienstverlening opdat men op elk moment contact kan opnemen met ons team van <strong>Carlos Ba\u00f1o Le\u00f3n advocaat Spanje (Costablanca-Alicante).<\/strong><\/span><\/p>\n<p><span style=\"color: #000000;\">Het zou niet correct zijn om deze pagina toe te wijden aan een opsomming van de diensten die\u00a0<strong>onze advocaten te Alicante, Costa blanca<\/strong>\u00a0levert, daar u dit kan in alle detail kan vaststellen wanneer u verder leest in onze pagina, en meer concreet bij de afdeling diensten, waar op meer gedetalleerde vorm heeft gepoogd de activiteit te beschrijven die we behartigen.<\/span><\/p>\n<p><span style=\"color: #000000;\">Men kan nakijken de zaken die zijn behartigd geworden door dit kantoor en artikels over de zaken die van uw interesse zijn, in onze pagina web.<\/span><\/p>\n<p><span style=\"color: #000000;\">De verantwoordelijke van dit kantoor met ruime ervaring, Heer Carlos Ba\u00f1o L\u00e9on, <strong>Advocaat te Spanje, Costablanca<\/strong>, wenst dat men tevreden kan zijn wanneer men binnengaat en surft op onze pagina web, met de bedoeling dat men vertrouwd geraakt met de legale realiteit en spaanse wetgeving en bij het lezen kan men oplossingen en antwoorden vinden op uw vragen en als dit zo is, hebben we hiermee ons objectief bereikt.<\/span>[\/vc_column_text][vc_gmaps link=&#8221;#E-8_JTNDaWZyYW1lJTIwc3JjJTNEJTIyaHR0cHMlM0ElMkYlMkZ3d3cuZ29vZ2xlLmNvbSUyRm1hcHMlMkZlbWJlZCUzRnBiJTNEJTIxMW0xOCUyMTFtMTIlMjExbTMlMjExZDI2MTIuNTM1ODc5NTE1NDIzJTIxMmQtMC40OTQ3OTUyMjE0ODYxNzg1NSUyMTNkMzguMzQwNjU1Mzc1NjYzMzglMjEybTMlMjExZjAlMjEyZjAlMjEzZjAlMjEzbTIlMjExaTEwMjQlMjEyaTc2OCUyMTRmMTMuMSUyMTNtMyUyMTFtMiUyMTFzMHhkNjIzNjQ5NjdjMDcwYzklMjUzQTB4YjljYmJlYWE3ZDIxMTY4NSUyMTJ6UTJGeWJHOXpJRUpodzdGdklFeGx3N051JTIxNWUwJTIxM20yJTIxMXNlcyUyMTJzZXMlMjE0djE1NDk5NzQyODkwNTYlMjIlMjB3aWR0aCUzRCUyMjYwMCUyMiUyMGhlaWdodCUzRCUyMjQ1MCUyMiUyMGZyYW1lYm9yZGVyJTNEJTIyMCUyMiUyMHN0eWxlJTNEJTIyYm9yZGVyJTNBMCUyMiUyMGFsbG93ZnVsbHNjcmVlbiUzRSUzQyUyRmlmcmFtZSUzRQ==&#8221;][\/vc_column][\/vc_row][vc_row full_width=&#8221;stretch_row_content_no_spaces&#8221;][vc_column][vc_single_image image=&#8221;17562&#8243; img_size=&#8221;full&#8221;][\/vc_column][\/vc_row][vc_row full_width=&#8221;stretch_row_content_no_spaces&#8221;][vc_column width=&#8221;1\/2&#8243;][vc_single_image image=&#8221;17563&#8243; img_size=&#8221;full&#8221;][\/vc_column][vc_column width=&#8221;1\/2&#8243;][vc_single_image image=&#8221;17564&#8243; img_size=&#8221;full&#8221;][\/vc_column][\/vc_row][vc_row full_width=&#8221;stretch_row_content_no_spaces&#8221; scheme=&#8221;dark&#8221; css=&#8221;.vc_custom_1534497107879{margin-right: 0px !important;margin-left: 0px !important;background-image: url(https:\/\/www.cbleon-abogados.com\/wp-content\/uploads\/2018\/08\/calltoaction_bg2.jpg?id=1645) !important;background-position: center !important;background-repeat: no-repeat !important;background-size: cover !important;}&#8221;][vc_column width=&#8221;1\/12&#8243;][\/vc_column][vc_column width=&#8221;5\/6&#8243;][vc_empty_space height=&#8221;6.6em&#8221; alter_height=&#8221;none&#8221; hide_on_mobile=&#8221;&#8221;]<div id=\"sc_title_628687645\"\n\t\tclass=\"sc_title color_style_default sc_title_default\"><h3 class=\"sc_item_title sc_title_title sc_align_center sc_item_title_style_default\">EERSTE CONSULTATIE IS GRATIS<\/h3><\/div><!-- \/.sc_title -->[vc_column_text]<\/p>\n<p style=\"text-align: center; color: #fff;\">Call us now without any obligation<\/p>\n<p>[\/vc_column_text][vc_empty_space height=&#8221;2.8em&#8221; alter_height=&#8221;none&#8221; hide_on_mobile=&#8221;&#8221;]<div class=\"sc_item_button sc_button_wrap sc_align_center\"><a href=\"tel:+34965921853\" id=\"sc_button_2033957731\" class=\"sc_button color_style_default sc_button_default sc_button_size_normal sc_button_icon_left\"><span class=\"sc_button_text\"><span class=\"sc_button_title\">Bel nu<span class=\"trx_addons_icon-arrow\"><\/span><\/span><\/span><!-- \/.sc_button_text --><\/a><!-- \/.sc_button --><\/div><!-- \/.sc_item_button -->[vc_empty_space height=&#8221;6em&#8221; alter_height=&#8221;none&#8221; hide_on_mobile=&#8221;&#8221;][\/vc_column][vc_column width=&#8221;1\/12&#8243;][\/vc_column][\/vc_row]<\/p>\n<\/div>","protected":false},"excerpt":{"rendered":"<p>[vc_row][vc_column][vc_empty_space height=&#8221;8.6em&#8221; alter_height=&#8221;none&#8221; hide_on_mobile=&#8221;&#8221;][\/vc_column][vc_column width=&#8221;1\/2&#8243;][vc_single_image image=&#8221;17560&#8243; img_size=&#8221;full&#8221;][vc_empty_space height=&#8221;4em&#8221; alter_height=&#8221;none&#8221; hide_on_mobile=&#8221;&#8221;][\/vc_column][vc_column width=&#8221;1\/2&#8243;][vc_column_text] CARLOS BA\u00d1O LE\u00d3N ADVOCAAT IN ALICANTE H err Carlos Ba\u00f1o Leon advocaat in Spanje (Costablanca- Alicante)\u00a0werd\u00a0opgericht in 1984, licenciaat in het Recht, titel bekomen via de Faculteit van Rechtsgeleerdheid van Valencia in het jaar 1982. De eerste startjaren van dit kantoor van Carlos Ba\u00f1o Le\u00f3n\u00a0advocaten waren gefocusd op het\u00a0Arbeidsrecht\u00a0en\u00a0Burgelijk&hellip;<\/p>\n","protected":false},"author":5,"featured_media":0,"parent":0,"menu_order":0,"comment_status":"closed","ping_status":"closed","template":"","meta":{"_acf_changed":false,"_joinchat":[],"footnotes":""},"class_list":["post-29851","page","type-page","status-publish","hentry"],"acf":[],"_links":{"self":[{"href":"https:\/\/cbleon-abogados.com\/nl\/wp-json\/wp\/v2\/pages\/29851","targetHints":{"allow":["GET"]}}],"collection":[{"href":"https:\/\/cbleon-abogados.com\/nl\/wp-json\/wp\/v2\/pages"}],"about":[{"href":"https:\/\/cbleon-abogados.com\/nl\/wp-json\/wp\/v2\/types\/page"}],"author":[{"embeddable":true,"href":"https:\/\/cbleon-abogados.com\/nl\/wp-json\/wp\/v2\/users\/5"}],"replies":[{"embeddable":true,"href":"https:\/\/cbleon-abogados.com\/nl\/wp-json\/wp\/v2\/comments?post=29851"}],"version-history":[{"count":0,"href":"https:\/\/cbleon-abogados.com\/nl\/wp-json\/wp\/v2\/pages\/29851\/revisions"}],"wp:attachment":[{"href":"https:\/\/cbleon-abogados.com\/nl\/wp-json\/wp\/v2\/media?parent=29851"}],"curies":[{"name":"wp","href":"https:\/\/api.w.org\/{rel}","templated":true}]}}