{"id":21333,"date":"2018-11-30T11:25:10","date_gmt":"2018-11-30T11:25:10","guid":{"rendered":"https:\/\/www.cbleon-abogados.com\/?page_id=21333"},"modified":"2022-01-05T16:14:08","modified_gmt":"2022-01-05T16:14:08","slug":"laat-het-invorderen-van-uw-schulden-in-spanje-aan-ons-over","status":"publish","type":"page","link":"https:\/\/cbleon-abogados.com\/nl\/laat-het-invorderen-van-uw-schulden-in-spanje-aan-ons-over\/","title":{"rendered":"Wij incasseren uw schulden in Spanje"},"content":{"rendered":"<div class=\"wpb-content-wrapper\"><p>[vc_row][vc_column][vc_column_text]<\/p>\n<p><span style=\"color: #000000;\"><strong>Al jarenlang is een van de voornaamste bezigheden van Carlos Ba\u00f1o Le\u00f3n de gerechtelijke en buitengerechtelijke afhandeling van schulden die gevolg hebben op onze klanten.<\/strong><\/span><\/p>\n<p><span style=\"color: #000000;\">Deze schulden ontstaan doorgaans door handelsverrichtingen en naar aanleiding van niet commerci\u00eble contractuele verrichtingen, zoals: schulden naar aanleiding van de wanbetaling van leningen, aan- en verkoop, enz.<\/span><\/p>\n<p><span style=\"color: #000000;\">Om schulden in te vorderen is de werkwijze van dit advocatenkantoor steeds gericht op snelheid en doeltreffendheid zodat de klant van meet af aan het volste vertrouwen heeft in de vlotte afhandeling van zijn zaak.<\/span><\/p>\n<p><strong><span style=\"color: #000000;\">We werken voor KMO&#8217;s en zelfstandigen maar ook voor middelgrote firma\u00b4s maar wel is het zo dat voor deze laatste we werken op basis van een afgesproken dienstencontract.<\/span><\/strong><\/p>\n<p><span style=\"color: #000000;\"><strong>Carlos Ba\u00f1o Le\u00f3n<\/strong> is geen incassokantoor voor openstaande schulden. We zijn een advocatenkantoor dat een intergrale dienst levert in de rechtsgebieden van burgelijk recht en handelsrecht gezien het daar is dat de gevallen van openstaande schulden voorkomen en daarvoor op basis van onze wettelijke kennis, we vanaf het eerste moment de klanten professioneel bijstaan.<\/span><br \/>\n<span style=\"color: #000000;\">Onze activiteit beslaagt heel het nationale grondgebied.<\/span><\/p>\n<p><span style=\"color: #000000;\"><img loading=\"lazy\" decoding=\"async\" class=\"alignleft wp-image-29727\" src=\"https:\/\/nl.cblspanishlawyers.com\/wp-content\/uploads\/\/2019\/01\/confienos-el-cobro-de-sus-deudas-760x506.jpg\" alt=\"incasso in spanje\" width=\"501\" height=\"333\" srcset=\"https:\/\/cbleon-abogados.com\/wp-content\/uploads\/2019\/01\/confienos-el-cobro-de-sus-deudas-760x506.jpg 760w, https:\/\/cbleon-abogados.com\/wp-content\/uploads\/2019\/01\/confienos-el-cobro-de-sus-deudas-760x506-300x200.jpg 300w, https:\/\/cbleon-abogados.com\/wp-content\/uploads\/2019\/01\/confienos-el-cobro-de-sus-deudas-760x506-370x246.jpg 370w\" sizes=\"auto, (max-width: 501px) 100vw, 501px\" \/>De aanpak die we doen voor de klant is op basis van onze grote ervaring in de Rechtbanken en Gerechtshoven waardoor dat onze begeleiding is op basis van het informeren vanaf het beginstaduim hoe de aanklachten van schulden te benaderen en aan te pakken opdat de eerste handelingen geen nadelige gevolgen hebben bij de juridische handelingen die daarop volgen.<\/span><\/p>\n<p><span style=\"color: #000000;\">We rekenen op het moment van inning van de schuldenaars op ruime middelen om de economische capaciteit van de schuldenaars na te trekken en deze kennis helpt ons om op het moment van beslissen de verschillende de stappen te nemen met het doel ter bekoming van de grootste opbrengst voor de klant.<\/span><\/p>\n<p>&nbsp;<\/p>\n<p>&nbsp;<\/p>\n<h3><span style=\"color: #000000;\"><strong>ALS DE KLANT ZIJN GELD NIET KRIJGT, REKENEN WIJ NIETS AAN<\/strong><\/span><\/h3>\n<p><span style=\"color: #000000;\">Vaak gaan debiteurs over tot betaling dankzij onze minnelijke aanpak, waardoor de schulden van de klant in recordtijd worden vereffend. Hiertoe doen onze advocaten op alle mogelijke wijzen aanmaningen zodat de debiteur ziet dat de klant bereid is stappen te ondernemen. Om eventuele gerechtskosten te vermijden gaat de debiteur dan gemakkelijker over tot betaling.<\/span><\/p>\n<p><span style=\"color: #000000;\">We hanteren uiterst scherpe tarieven om schulden in te vorderen. Vraag meer informatie, want doorgaans rekenen we in deze fase aan op basis van wat daadwerkelijk wordt ge\u00efnd.<\/span><\/p>\n<h3><span style=\"color: #000000;\"><strong>ALS DE DEBITEUR NIET BETAALT, RADEN WE EEN BETALINGSBEVEL (JUICIO MONITORIO) AAN<\/strong><\/span><\/h3>\n<p><span style=\"color: #000000;\">Als de debiteur na een minnelijke invordering niet betaalt, raden we een heel snelle procedure aan: het betalingsbevel.<\/span><br \/>\n<span style=\"color: #000000;\">Het betreft een gerechtelijk aanmaning met op basis van onze ervaring doorgaans uitstekende resultaten, op voorwaarde dat het geen erg hoge bedragen betreft.<\/span><\/p>\n<p><span style=\"color: #000000;\">De enige kosten die dit met zich meebrengt zijn het vaste gerechtstarief (tenzij de crediteur een natuurlijke persoon is) en een minimaal bedrag aan administratiekosten, bijna verwaarloosbaar.<\/span><\/p>\n<p><strong><span style=\"color: #000000;\">We kunnen bevestigen dat het een bijzonder doeltreffende invorderingswijze is die de klant ons eenvoudig kan toevertrouwen. Het is een snelle procedure met als enige nadeel de vermelde minimale kosten.<\/span><\/strong><\/p>\n<p><span style=\"color: #000000;\">Bij deze procedure wordt er geen veroordeling tot betaling van de gerechtskosten gedaan, dus als de debiteur betaalt krijgt de klant deze kosten helaas niet terugbetaald.<\/span><\/p>\n<p><span style=\"color: #000000;\">Dit kan als een nadeel worden beschouwd, maar eigenlijk is het dat niet als we vergelijken met de kosten en de duur van om het even welke andere gerechtelijke procedure. Deze procedure is uiterst snel en daarom raden we deze dan ook steeds aan.<\/span><\/p>\n<p><span style=\"color: #000000;\">Er dient rekening mee gehouden te worden dat niet alle aanklachten van een schuld kunnen ingediend te worden via betalingsbevelprocedure, enkel wanneer de schuld afrekenbaar, be\u00ebindigd, vervallen en opeisbaar is ,en er aangetoond kan worden met gehandtekende documenten door de schuldenaar of met zijn stempel; steeds wanneer het betreft om facturen, leveringsbonnen, enzovoort, en ook bij deze gevallen waarbij wordt aangetoond met documentatie dat er voordien een relatie heeft bestaan.<\/span><\/p>\n<p><span style=\"color: #000000;\"><img loading=\"lazy\" decoding=\"async\" class=\"alignright wp-image-29731\" src=\"https:\/\/nl.cblspanishlawyers.com\/wp-content\/uploads\/\/2019\/01\/deudas-760x506.jpg\" alt=\"incasso in spanje\" width=\"498\" height=\"331\" srcset=\"https:\/\/cbleon-abogados.com\/wp-content\/uploads\/2019\/01\/deudas-760x506.jpg 760w, https:\/\/cbleon-abogados.com\/wp-content\/uploads\/2019\/01\/deudas-760x506-300x200.jpg 300w, https:\/\/cbleon-abogados.com\/wp-content\/uploads\/2019\/01\/deudas-760x506-370x246.jpg 370w\" sizes=\"auto, (max-width: 498px) 100vw, 498px\" \/>Zodoende wanneer \u00e9\u00e9n van deze zaken hebben voorgevallen, kan men aanklagen via deze inningsprocedure voor schulden.<\/span><\/p>\n<p><strong><span style=\"color: #000000;\">In werkelijkheid kan men zeggen dat een groot gedeelte van de schulden voldoen aan \u00e9\u00e9n van deze voorwaarden en als men aan \u00e9\u00e9n van deze voorwaarden vervult, kan men via deze weg handelen.<\/span><\/strong><\/p>\n<p><span style=\"color: #000000;\">Uiteindelijk, zeggend dat als de schuld voortkomt uit een niet-betaling van kosten van een Gemeenschap van Eigenaars, de procedure die de Wet aangeeft, is deze van de betalingsbevelprocedure, voor de snelle inning welke we maar niet genoeg kunnen benadrukken.<\/span><\/p>\n<h3><\/h3>\n<h3><\/h3>\n<h3><\/h3>\n<h3><span style=\"color: #000000;\"><strong>ALS DE DEBITEUR NIET BETAALT, REKENEN WIJ NIETS AAN<\/strong><\/span><\/h3>\n<p><span style=\"color: #000000;\">We rekenen niets aan als de debiteur niet betaalt. We rekenen onze tarieven enkel aan als de debiteur betaalt. Vraag meer informatie. We hanteren uiterst scherpe tarieven.<\/span><\/p>\n<p><span style=\"color: #000000;\"><strong>Degene die hierbuiten vallen, buiten dit soort van iningsprocedure van onbetaalde rekeningen zijn deze schulden welke voortkomen uit een burgelijk contract, handelszaken<\/strong>, enzovoort en welke niet het gevolg zijn van een levering van goederen of dienstenmarkt maar wel van bepaalde handelingen en verplichtingen van personen bij het uitoefenen van zijn vrijheid en mogelijkheden.<\/span><\/p>\n<p><span style=\"color: #000000;\">Ook zijn niet aanklaagbaar via deze procedure van inning van schulden, welke we voorstelle, welke afkomstig zijn van een beslissing tot uitvoering van een vonnis bekomen in het buitenland noch welke zijn bekomen in een publieke akte of een eigendom welke door de Wet wordt verplicht om uit te voeren, zoals deze bevoorbeeld van een hypotheciar krediet, een cheque enzovoort.<\/span><\/p>\n<h3><span style=\"color: #000000;\"><strong>VOORDELEN VAN INNING VAN SCHULDEN OF ONBETAALDE REKENINGEN VIA DEZE BETALINGSBEVELPROCEDURE<\/strong><\/span><\/h3>\n<p><span style=\"color: #000000;\"><img loading=\"lazy\" decoding=\"async\" class=\"alignleft wp-image-29734\" src=\"https:\/\/nl.cblspanishlawyers.com\/wp-content\/uploads\/\/2019\/01\/cobro-de-impagados-760x506.jpg\" alt=\"incasso in spanje\" width=\"501\" height=\"333\" srcset=\"https:\/\/cbleon-abogados.com\/wp-content\/uploads\/2019\/01\/cobro-de-impagados-760x506.jpg 760w, https:\/\/cbleon-abogados.com\/wp-content\/uploads\/2019\/01\/cobro-de-impagados-760x506-300x200.jpg 300w, https:\/\/cbleon-abogados.com\/wp-content\/uploads\/2019\/01\/cobro-de-impagados-760x506-370x246.jpg 370w\" sizes=\"auto, (max-width: 501px) 100vw, 501px\" \/>Op basis van onze vele jaren ervaring raden we vooral deze betalingsbevelprocedure aan voor vier basispunten die we hierbij gaan uitleggen.<\/span><\/p>\n<p><span style=\"color: #000000;\">E\u00e9n ervan, welke de belangrijkste is, voor ons, is dat dit soort van proces snel gaat waarbij men op twintig dagen de aanvraag aan de schuldenaar bezorgt en men dan weet of deze gaat betalen of niet. Daar het gewoonlijk niet om een groot bedrag gaat , wordt deze betaalt om de eenvoudige reden dat wanneer men zich hier tegen verzet in de rechtbank door tegenopwerpingen te maken tegen de schuld dit automatisch niet meer dit soort van procedure kan zijn en wordt omgezet naar een normale procedure of verbaal proces daar de rechter bij dit geval van verdediging de mogelijkheid geeft aan de schuldenaar om verder in te gaan op de aanklacht van de schuld via de rechtbank met een overeenkomstig proces en dit in overeenkomstig het bedrag en zodoende de schuldenaar de zekerheid heeft dat deze Rechtszaak verdergaat, met het risico tot het betalen van hoge gerechtskosten.<\/span><\/p>\n<p><span style=\"color: #000000;\">Het tweede voordeel is de lage economische kost voor de aanklagre welke hem toelaat naar onze mening, om op een zekere manier dit jurisch te kunnen aanklagen met de gerustheid en wetende de kleine economische kost die eraan verbonden is welke hij riskeert ten opzichte van wat hij gaat winnen. Door onze ervaring is dit een punt welke vele mensen ontmoedigt om hun schuldenaars aan te klagen, daar ze niet de kosten willen dragen van aanklagen. Dit is niet het geval bij <strong>Carlos Ba\u00f1o Le\u00f3n<\/strong>.<\/span><\/p>\n<p><span style=\"color: #000000;\">Een derde voordeel is dat als de schuldenaar zich verzet, dient deze dit te doen op basis van argumenten welke zijn recht aantoont van verzetten en dit geeft ons voorafgaandelijk de argumenten die gaan gebruikt worden in de rechtszitting waardoor wanneer het uur aanbreekt van de rechtszitting, we een hoeveelheid van bewijzen aanbrengen om hierin tegen te gaan en als gevolg hiervan ze hem veroordelen. Namelijk daar de schuldenaar zich verzet en zijn argumenten weergeeft waarop hij zich baseert en dit ons de mogelijkheid geeft om ons goed voor te bereiden met bewijzen die aantonen dat hij geen gelijk heeft.<\/span><\/p>\n<p><span style=\"color: #000000;\">Uiteindelijk als vierde voordeel is deze dat wanneer de schuldenaar niet betaald of zich niet verdedigt voor de rechter, er onmiddelijk wordt overgegaan met tot aanslaan van de eigendommen waarbij de schuldenaar wanneer hij zich voor zulk een proces bevindt, hij serieus zal nadenken wat hij gaat doen, welke weg hij gaat inslaan daar de gevolgen voor hem heel ernstig kunnen zijn en vooraal kostelijk.<\/span><\/p>\n<p><span style=\"color: #000000;\"><strong>We eindigen niet zonder weer te geven dat dit advocatenkantoor in heel het grondgebied van Spanje werkzaam is en dit soort van juridische processen wordt helemaal schriftelijk verwerkt<\/strong>, zodat er nooit een vermeerdering komt van kosten buiten hetgeen we in het begin hebben vermeld in onze voorwaarden en prijsoffertes, welke vanuit economisch oogpunt gezien heel interessant zijn.<\/span>[\/vc_column_text][\/vc_column][\/vc_row]<\/p>\n<\/div>","protected":false},"excerpt":{"rendered":"<p>[vc_row][vc_column][vc_column_text] Al jarenlang is een van de voornaamste bezigheden van Carlos Ba\u00f1o Le\u00f3n de gerechtelijke en buitengerechtelijke afhandeling van schulden die gevolg hebben op onze klanten. Deze schulden ontstaan doorgaans door handelsverrichtingen en naar aanleiding van niet commerci\u00eble contractuele verrichtingen, zoals: schulden naar aanleiding van de wanbetaling van leningen, aan- en verkoop, enz. Om schulden in te vorderen is de&hellip;<\/p>\n","protected":false},"author":7,"featured_media":19339,"parent":0,"menu_order":0,"comment_status":"closed","ping_status":"closed","template":"","meta":{"_acf_changed":false,"_joinchat":[],"footnotes":""},"class_list":["post-21333","page","type-page","status-publish","has-post-thumbnail","hentry"],"acf":[],"_links":{"self":[{"href":"https:\/\/cbleon-abogados.com\/nl\/wp-json\/wp\/v2\/pages\/21333","targetHints":{"allow":["GET"]}}],"collection":[{"href":"https:\/\/cbleon-abogados.com\/nl\/wp-json\/wp\/v2\/pages"}],"about":[{"href":"https:\/\/cbleon-abogados.com\/nl\/wp-json\/wp\/v2\/types\/page"}],"author":[{"embeddable":true,"href":"https:\/\/cbleon-abogados.com\/nl\/wp-json\/wp\/v2\/users\/7"}],"replies":[{"embeddable":true,"href":"https:\/\/cbleon-abogados.com\/nl\/wp-json\/wp\/v2\/comments?post=21333"}],"version-history":[{"count":0,"href":"https:\/\/cbleon-abogados.com\/nl\/wp-json\/wp\/v2\/pages\/21333\/revisions"}],"wp:featuredmedia":[{"embeddable":true,"href":"https:\/\/cbleon-abogados.com\/nl\/wp-json\/wp\/v2\/media\/19339"}],"wp:attachment":[{"href":"https:\/\/cbleon-abogados.com\/nl\/wp-json\/wp\/v2\/media?parent=21333"}],"curies":[{"name":"wp","href":"https:\/\/api.w.org\/{rel}","templated":true}]}}