{"id":17667,"date":"2018-10-16T14:42:36","date_gmt":"2018-10-16T14:42:36","guid":{"rendered":"https:\/\/www.cbleon-abogados.com\/?page_id=17667"},"modified":"2022-05-04T15:13:32","modified_gmt":"2022-05-04T13:13:32","slug":"internationale-handel","status":"publish","type":"page","link":"https:\/\/cbleon-abogados.com\/nl\/internationale-handel\/","title":{"rendered":"Internationale Handel"},"content":{"rendered":"<div class=\"wpb-content-wrapper\"><p>[vc_row][vc_column][vc_empty_space height=&#8221;11em&#8221; alter_height=&#8221;none&#8221; hide_on_mobile=&#8221;&#8221;]<div id=\"sc_background_2129899012_wrap\" class=\"sc_background_wrap\"><div id=\"sc_background_2129899012\"\n\t\t\tclass=\"sc_background sc_background_default\" style=\"color:#f8f8f8;top:0.54em;\">ADVOCAAT<\/div><\/div><!-- \/.sc_background_wrap --><div id=\"sc_title_905419597\"\n\t\tclass=\"sc_title color_style_default sc_title_default\"><h2 class=\"sc_item_title sc_title_title sc_align_left sc_item_title_style_default sc_item_title_tag\">INTERNATIONALE HANDEL<\/h2><\/div><!-- \/.sc_title -->[vc_empty_space height=&#8221;1.3em&#8221; alter_height=&#8221;none&#8221; hide_on_mobile=&#8221;&#8221;][\/vc_column][\/vc_row][vc_row][vc_column][vc_column_text]<span class=\"trx_addons_dropcap trx_addons_dropcap_style_1\">D<\/span><\/p>\n<p>it advocatenkantoor zal u helpen door middel van advies en in de juridische procedures op dit gebied van het recht van een dergelijk economisch belang.<\/p>\n<p>De kennis en ervaring die u gedurende vele jaren in deze sector heeft opgedaan, zal u helpen bij het oplossen van eventuele twijfels en problemen die u heeft bij uw internationale activiteiten:<\/p>\n<ul>\n<li><span style=\"color: #000000;\"><strong>Internationale verkoopcontracten:<\/strong> Internationale handel en aankoop- en leveringscontracten. Opstellen van algemene contractvoorwaarden.<\/span><br \/>\n<span style=\"color: #000000;\">Internationale distributieovereenkomsten: agentuur-, distributie-, franchise- en bemiddelingsovereenkomsten.<\/span><\/li>\n<li><span style=\"color: #000000;\"><strong>Joint venture-contracten<\/strong>: Internationale joint venture-contracten en oprichting van joint ventures.<\/span><\/li>\n<li><span style=\"color: #000000;\"><strong>Precontractuele overeenkomsten:<\/strong> opstellen van intentieverklaringen, memorandums van overeenstemming, vertrouwelijkheidsovereenkomsten.<\/span><br \/>\n<span style=\"color: #000000;\">Mededingingsrecht: Europees mededingingsrecht met betrekking tot distributie (verticale overeenkomsten).<\/span><\/li>\n<li><span style=\"color: #000000;\"><strong>Invorderings- en betalingswijzen, garanties:<\/strong> Advies over innings- en betalingsmiddelen in het buitenland, documentaire kredieten, overmakingen, enz. Internationale bankgaranties.<\/span><\/li>\n<li><span style=\"color: #000000;\"><strong>Verslagen en adviezen:<\/strong> toepasselijk recht, internationale bevoegdheid, lex mercatoria, internationale verdragen, juridisch kader voor investeringen, internationaal distributierecht, vergelijkend recht, enz.<\/span><\/li>\n<li><span style=\"color: #000000;\"><strong>Procesvoering en ADR:<\/strong> voorkoming en buitengerechtelijke beslechting van geschillen. Vorderingen en juridische verdediging voor de rechtbank of in arbitrage. Procedures voor de erkenning en tenuitvoerlegging van buitenlandse scheidsrechterlijke uitspraken en vonnissen in Spanje (Exequatur). Europese executoriale titels.<\/span><\/li>\n<\/ul>\n<p>&nbsp;<\/p>\n<p><strong>INTERNATIONALE KOOPOVEREENKOMSTEN<\/strong><\/p>\n<p><strong>HANDELSSCHULDEN<\/strong><\/p>\n<p><strong>INTERNATIONALE BANKGARANTIES<\/strong><\/p>\n<p><strong>KREDIETBRIEF<\/strong><\/p>\n<p><strong>GEWOONTES EN EENVORMIGE PRAKTIJKEN VOOR DOCUMENTAIRE KREDIETEN (UCP 600)<\/strong><\/p>\n<p><strong>INTERNATIONAAL AGENTSCHAPCONTRACT<\/strong><\/p>\n<p><strong>COMMISSIE EN INTERNATIONALE CONCESSIEOVEREENKOMST<\/strong><br \/>\n<strong>DISTRIBUTIECONTRACT<\/strong><\/p>\n<p><strong>JOINT VENTURE OF GEMEENSCHAPPELIJKE ONDERNEMING <\/strong><\/p>\n<p><strong>INTERNATIONAAL VERVOER<\/strong><\/p>\n<p>Deze en vele andere juridische figuren die worden gebruikt in de internationale betrekkingen en die van commerci\u00eble aard zijn, zijn een specialisatiegebied van dit advocatenkantoor.<\/p>\n<p>&nbsp;<\/p>\n<p>&nbsp;<\/p>\n<p class=\"p2\"><strong><span class=\"s1\"><img loading=\"lazy\" decoding=\"async\" class=\"aligncenter wp-image-19347 size-full\" src=\"https:\/\/www.cblspanishlawyers.com\/wp-content\/uploads\/\/2018\/08\/comercio-internacional.jpg\" alt=\"comercio internacional\" width=\"500\" height=\"333\" srcset=\"https:\/\/cbleon-abogados.com\/wp-content\/uploads\/2018\/08\/comercio-internacional.jpg 500w, https:\/\/cbleon-abogados.com\/wp-content\/uploads\/2018\/08\/comercio-internacional-300x200.jpg 300w, https:\/\/cbleon-abogados.com\/wp-content\/uploads\/2018\/08\/comercio-internacional-370x246.jpg 370w\" sizes=\"auto, (max-width: 500px) 100vw, 500px\" \/><\/span><\/strong><\/p>\n<p>U kunt elke vraag voorleggen aan dit kantoor dat binnen dit specialisme van het recht aan de orde wordt gesteld, dat niet alleen wordt geregeld door de wetten van de staat, maar ook door de zogenaamde lex mercatoria:<\/p>\n<p><strong>Uniforme douane en incassopraktijken, publicatie 522.<\/strong><br \/>\n<strong>Uniforme douane met betrekking tot Demand Guarantees, publicatie nr. 458.<\/strong><br \/>\n<strong>Uniforme douane en praktijken voor documentair krediet, publicatie nr. 600.<\/strong><br \/>\n<strong>Uniforme regels voor contractobligaties, publicatie nr. 524.<\/strong><br \/>\n<strong>Uniforme douane en praktijken voor de interpretatie van internationale handelstermen (Incoterms). Publicatie nr. 560.<\/strong><br \/>\n<strong>Uniforme regels voor bank-naar-bank-terugbetalingen onder documentair krediet, nr. 525.<\/strong><br \/>\n<strong>UNCTAD- en ICC-regels voor multimodaal vervoersdocument, publicatie nr. 481.<\/strong><br \/>\n<strong>ITC Internationaal gebruik van voorwaardelijke verplichtingen, ISP 98 International Standby Practices, publicatienummer 590.<\/strong><br \/>\n<strong>Zoals u kunt zien op onze website, hebben wij veel ervaring met deze specialiteit.<\/strong><\/p>\n<p>De kennis van deze Praktijken en de internationale toepassingsconventies als voorbeeld:<\/p>\n<p><strong>Het Verdrag van Wenen van 11 april 1980 inzake de internationale verkoop van goederen. Akte van bekrachtiging van 17 juli 1990 (BOE &#8211; Spaans Staatsblad nr. 26 van 30 januari 1991, correctie van fouten in BOE nr. 282 van 22 november 1996).<\/strong><br \/>\n<strong>Verdrag van New York van 1974 inzake de beperking van de internationale verkoop van goederen, gewijzigd op 11 april 1980.<\/strong><br \/>\n<strong>Het Verdrag van Gen\u00e8ve van 16 februari 1983 betreffende de vertegenwoordiging op het gebied van de internationale verkoop van goederen.<\/strong><br \/>\n<strong>Het Verdrag van Den Haag van 22 december 1986 betreffende het recht dat van toepassing is op de uit de handel voortvloeiende verplichtingen.<\/strong><br \/>\n<strong>Het Verdrag van Ottawa van 28 mei 1988 inzake leasing en internationale factoring.<\/strong><br \/>\n<strong>Op 11 december 1995, over onafhankelijke garanties en brieven van stand-by-krediet.<\/strong><br \/>\n<strong>Op 19 december 1988 in New York, over de Bill of Exchange and International Promissory Notes (IOU).<\/strong><br \/>\n<strong>Verdrag inzake het vervoer van goederen over zee (Hamburg Rules) van 31 maart 1978.<\/strong><br \/>\n<strong>Het Verdrag van Montreal van 28 mei 1999 voor internationale luchtvervoerscontracten van Wenen van 19 april 1991.<\/strong><br \/>\n<strong>Het Verdrag van New York van 10 juni 1958 inzake de erkenning en tenuitvoerlegging van buitenlandse arbitrale uitspraken, www.cmblogwatch.net Ratificatie-instrument van 12 mei 1977.<\/strong><br \/>\n<strong>Het Europees Verdrag inzake internationale commerci\u00eble arbitrage, Gen\u00e8ve, 21 april 1961, inzake internationale commerci\u00eble arbitrage, door Spanje geratificeerd op 12 mei 1975.<\/strong><br \/>\n<strong>Verordening (EG) nr. 593\/2008 van 17 juni 2008 inzake contractuele verplichtingen.<\/strong><br \/>\n<strong>Verordening (EG) nr. 864\/2007 betreffende niet-contractuele verbintenissen.<\/strong>[\/vc_column_text][\/vc_column][\/vc_row][vc_row scheme=&#8221;dark&#8221; css=&#8221;.vc_custom_1538046729795{margin-top: 80px !important;margin-bottom: 30px !important;background-image: url(https:\/\/www.cbleon-abogados.com\/wp-content\/uploads\/2018\/08\/calltoaction_bg.jpg?id=1468) !important;background-position: center !important;background-repeat: no-repeat !important;background-size: contain !important;}&#8221; el_class=&#8221;call-action-areas&#8221;][vc_column css=&#8221;.vc_custom_1538046393418{margin-top: 45px !important;margin-bottom: 45px !important;}&#8221;][vc_empty_space height=&#8221;5em&#8221; alter_height=&#8221;none&#8221; hide_on_mobile=&#8221;&#8221;]<div id=\"sc_title_539388696\"\n\t\tclass=\"sc_title color_style_default sc_title_default\"><h3 class=\"sc_item_title sc_title_title sc_align_center sc_item_title_style_default\">WILT U MEER INFORMATIE?<\/h3><\/div><!-- \/.sc_title -->[vc_column_text]<\/p>\n<p style=\"text-align: center;\"><strong>Bezoek onze sectie Internationale Handel voor meer informatie<\/strong><\/p>\n<p>[\/vc_column_text][vc_empty_space height=&#8221;5em&#8221; alter_height=&#8221;none&#8221; hide_on_mobile=&#8221;&#8221;]<div class=\"sc_item_button sc_button_wrap sc_align_center\"><a href=\"https:\/\/nl.cblspanishlawyers.com\/diensten\/internationale-handel\/\" id=\"sc_button_91107987\" class=\"sc_button color_style_default sc_button_default sc_button_size_normal sc_button_icon_left\" target=\"_blank\" rel=\"noopener\"><span class=\"sc_button_text sc_align_center\"><span class=\"sc_button_title\">Ga naar Internationale Handel<span class=\"trx_addons_icon-arrow\"><\/span><\/span><\/span><!-- \/.sc_button_text --><\/a><!-- \/.sc_button --><\/div><!-- \/.sc_item_button -->[vc_empty_space height=&#8221;5em&#8221; alter_height=&#8221;none&#8221; hide_on_mobile=&#8221;&#8221;][\/vc_column][\/vc_row][vc_row][vc_column][vc_empty_space height=&#8221;10em&#8221; alter_height=&#8221;none&#8221; hide_on_mobile=&#8221;&#8221;]<div id=\"sc_background_1715250278_wrap\" class=\"sc_background_wrap\"><div id=\"sc_background_1715250278\"\n\t\t\tclass=\"sc_background sc_background_default\" style=\"text-align:center;color:#f8f8f8;top:0.30em;right:0px;left:0px;\">BLOG<\/div><\/div><!-- \/.sc_background_wrap --><div id=\"sc_title_1192046898\"\n\t\tclass=\"sc_title color_style_default sc_title_default\"><h2 class=\"sc_item_title sc_title_title sc_align_center sc_item_title_style_default sc_item_title_tag\">Aanverwante artikelen<\/h2><\/div><!-- \/.sc_title -->[vc_basic_grid post_type=&#8221;post&#8221; max_items=&#8221;12&#8243; style=&#8221;load-more&#8221; items_per_page=&#8221;12&#8243; element_width=&#8221;6&#8243; grid_id=&#8221;vc_gid:1651669868045-5eda652f-cc99-8&#8243; taxonomies=&#8221;61, 112&#8243;][\/vc_column][\/vc_row][vc_row full_width=&#8221;stretch_row_content_no_spaces&#8221; scheme=&#8221;dark&#8221; css=&#8221;.vc_custom_1536751398555{margin-top: 100px !important;margin-right: 0px !important;margin-left: 0px !important;background-image: url(https:\/\/www.cbleon-abogados.com\/wp-content\/uploads\/2018\/08\/calltoaction_bg2.jpg?id=1645) !important;background-position: center !important;background-repeat: no-repeat !important;background-size: cover !important;}&#8221;][vc_column][vc_empty_space height=&#8221;6.6em&#8221; alter_height=&#8221;none&#8221; hide_on_mobile=&#8221;&#8221;]<div id=\"sc_title_525605308\"\n\t\tclass=\"sc_title color_style_default sc_title_default\"><h3 class=\"sc_item_title sc_title_title sc_align_center sc_item_title_style_default\">WENST U EEN ONLINE CONSULTATIE TE MAKEN?<\/h3><\/div><!-- \/.sc_title -->[vc_column_text]<\/p>\n<p style=\"text-align: center;\">Eerste aanvraag is altjid gratis<\/p>\n<p>[\/vc_column_text][vc_empty_space height=&#8221;2.8em&#8221; alter_height=&#8221;none&#8221; hide_on_mobile=&#8221;&#8221;]<div class=\"sc_item_button sc_button_wrap sc_align_center\"><a href=\"https:\/\/nl.cblspanishlawyers.com\/contact-spaanse-advocaat\/\" id=\"sc_button_468516944\" class=\"sc_button color_style_default sc_button_default sc_button_size_normal sc_button_icon_left\" target=\"_blank\" rel=\"noopener\"><span class=\"sc_button_text\"><span class=\"sc_button_title\">Maak een gratis aanvraag<span class=\"trx_addons_icon-arrow\"><\/span><\/span><\/span><!-- \/.sc_button_text --><\/a><!-- \/.sc_button --><\/div><!-- \/.sc_item_button -->[vc_empty_space height=&#8221;6em&#8221; alter_height=&#8221;none&#8221; hide_on_mobile=&#8221;&#8221;][\/vc_column][\/vc_row]<\/p>\n<\/div>","protected":false},"excerpt":{"rendered":"<p>[vc_row][vc_column][vc_empty_space height=&#8221;11em&#8221; alter_height=&#8221;none&#8221; hide_on_mobile=&#8221;&#8221;][vc_empty_space height=&#8221;1.3em&#8221; alter_height=&#8221;none&#8221; hide_on_mobile=&#8221;&#8221;][\/vc_column][\/vc_row][vc_row][vc_column][vc_column_text]D it advocatenkantoor zal u helpen door middel van advies en in de juridische procedures op dit gebied van het recht van een dergelijk economisch belang. De kennis en ervaring die u gedurende vele jaren in deze sector heeft opgedaan, zal u helpen bij het oplossen van eventuele twijfels en problemen die u heeft&hellip;<\/p>\n","protected":false},"author":7,"featured_media":0,"parent":0,"menu_order":0,"comment_status":"closed","ping_status":"closed","template":"","meta":{"_acf_changed":false,"_joinchat":[],"footnotes":""},"class_list":["post-17667","page","type-page","status-publish","hentry"],"acf":[],"_links":{"self":[{"href":"https:\/\/cbleon-abogados.com\/nl\/wp-json\/wp\/v2\/pages\/17667","targetHints":{"allow":["GET"]}}],"collection":[{"href":"https:\/\/cbleon-abogados.com\/nl\/wp-json\/wp\/v2\/pages"}],"about":[{"href":"https:\/\/cbleon-abogados.com\/nl\/wp-json\/wp\/v2\/types\/page"}],"author":[{"embeddable":true,"href":"https:\/\/cbleon-abogados.com\/nl\/wp-json\/wp\/v2\/users\/7"}],"replies":[{"embeddable":true,"href":"https:\/\/cbleon-abogados.com\/nl\/wp-json\/wp\/v2\/comments?post=17667"}],"version-history":[{"count":0,"href":"https:\/\/cbleon-abogados.com\/nl\/wp-json\/wp\/v2\/pages\/17667\/revisions"}],"wp:attachment":[{"href":"https:\/\/cbleon-abogados.com\/nl\/wp-json\/wp\/v2\/media?parent=17667"}],"curies":[{"name":"wp","href":"https:\/\/api.w.org\/{rel}","templated":true}]}}