{"id":17655,"date":"2018-10-16T14:20:47","date_gmt":"2018-10-16T14:20:47","guid":{"rendered":"https:\/\/www.cbleon-abogados.com\/?page_id=17655"},"modified":"2018-12-18T11:04:43","modified_gmt":"2018-12-18T11:04:43","slug":"burgelijk-recht","status":"publish","type":"page","link":"https:\/\/cbleon-abogados.com\/nl\/burgelijk-recht\/","title":{"rendered":"Burgelijk Recht"},"content":{"rendered":"<div class=\"wpb-content-wrapper\"><p>[vc_row][vc_column][vc_empty_space height=&#8221;11em&#8221; alter_height=&#8221;none&#8221; hide_on_mobile=&#8221;&#8221;]<div id=\"sc_background_935824000_wrap\" class=\"sc_background_wrap\"><div id=\"sc_background_935824000\"\n\t\t\tclass=\"sc_background sc_background_default\" style=\"color:#f8f8f8;top:0.54em;\">ADVOCAAT<\/div><\/div><!-- \/.sc_background_wrap --><div id=\"sc_title_1826391014\"\n\t\tclass=\"sc_title color_style_default sc_title_default\"><h2 class=\"sc_item_title sc_title_title sc_align_left sc_item_title_style_default sc_item_title_tag\">ADVISERING IN BURGERLIJK RECHT<\/h2><\/div><!-- \/.sc_title -->[vc_empty_space height=&#8221;1.3em&#8221; alter_height=&#8221;none&#8221; hide_on_mobile=&#8221;&#8221;][\/vc_column][\/vc_row][vc_row][vc_column][vc_column_text]<span class=\"trx_addons_dropcap trx_addons_dropcap_style_1\">B<\/span><\/p>\n<p>rede en belangrijke tak van het recht die de regulering bevat van een groot deel van de kwesties of zaken die van invloed zijn op de priv\u00e9sfeer van mensen en die zowel in hun relaties van economische aard als in hun persoonlijke sfeer naar voren komen.<\/p>\n<p>Het burgerlijk recht dat onder de invloed blijft van het Romeinse recht, waar het tot stand is gekomen, omvat alle casu\u00efstiek die kan ontstaan rond zaken die betrekking hebben op de persoonlijkheid, het gezin en het gezin.<\/p>\n<p>Zaken als handelingsbekwaamheid, rechtspersoonlijkheid, wettelijke leeftijd, voogdij; zaken die van belang zijn voor het familierecht, zoals afstamming (afstamming), ouderlijk gezag, ouderlijk gezag, alimentatie, huwelijk, echtscheiding, etc.; en zaken die te maken hebben met het economische of patrimoniale wachten op mensen zoals zakelijke rechten, hypotheken, bezit, eigendomsrechten, vruchtgebruik, erfenissen, erfdienstbaarheden, verplichtingen en contracten, aankopen, erfenissen, etc., zijn in dit specialisme geregeld.<\/p>\n<p>Zoals kan worden afgeleid uit wat we hebben gezegd, concentreert een groot deel van de gerechtelijke activiteiten van de rechtbanken zich op dit soort zaken, en laten we op deze manier denken aan de enorme casu\u00efstiek over allerlei soorten overeenkomsten, in het bijzonder de koopovereenkomst, over het onderwerp van hypotheken, over verbintenissen, over nalatenschappen en erfenissen, enzovoorts. Het is mogelijk dat iemand ooit betrokken is geweest bij of betrokken is geweest bij de zaak van deze rechterlijke beslissing.<\/p>\n<p>En hoe zit het met het verplichte en contractuele gebied, van een zo gevoelig gebied als dat van schuldvorderingen, v\u00f3\u00f3r situaties van niet-betaling, van wanbetaling, een kwestie die een goed percentage van de geschillen bij rechtbanken en gerechtshoven veronderstelt.<\/p>\n<p>Naast de zaken die op dit gebied van het burgerlijk recht door het burgerlijk wetboek worden geregeld, zijn er nog vele andere zaken op dit gebied of van deze aard die worden geregeld door speciale regels zoals verenigingen, co\u00f6peraties, stichtingen, het condominiumrecht, offici\u00eble bescherming van huisvesting, intellectuele eigendom, industri\u00eble eigendom, enz. tot een lange tijd, enz.<\/p>\n<p><img loading=\"lazy\" decoding=\"async\" class=\"aligncenter wp-image-23290\" src=\"https:\/\/nl.cblspanishlawyers.com\/wp-content\/uploads\/\/2015\/10\/civil-law.jpg\" alt=\"Burgelijk recht in Spanje\" width=\"551\" height=\"367\" srcset=\"https:\/\/cbleon-abogados.com\/wp-content\/uploads\/2015\/10\/civil-law.jpg 800w, https:\/\/cbleon-abogados.com\/wp-content\/uploads\/2015\/10\/civil-law-300x200.jpg 300w, https:\/\/cbleon-abogados.com\/wp-content\/uploads\/2015\/10\/civil-law-768x513.jpg 768w, https:\/\/cbleon-abogados.com\/wp-content\/uploads\/2015\/10\/civil-law-370x247.jpg 370w, https:\/\/cbleon-abogados.com\/wp-content\/uploads\/2015\/10\/civil-law-760x507.jpg 760w\" sizes=\"auto, (max-width: 551px) 100vw, 551px\" \/><\/p>\n<p>Ons werk vanuit een buitengerechtelijk oogpunt omvat zowel het advies als het opstellen van alle soorten contracten, waarbij wij optreden namens cli\u00ebnten bij notarissen, registers en andere instanties of openbare lichamen.<\/p>\n<p>Vanaf het begin van de activiteiten van dit kantoor is het burgerlijk recht \u00e9\u00e9n van de meest bezochte rechtsgebieden, wat heeft geresulteerd in een groot aantal gerechtelijke procedures en vonnissen die u op onze website kunt raadplegen.[\/vc_column_text][\/vc_column][\/vc_row][vc_row][vc_column][vc_empty_space height=&#8221;10em&#8221; alter_height=&#8221;none&#8221; hide_on_mobile=&#8221;&#8221;]<div id=\"sc_background_881822424_wrap\" class=\"sc_background_wrap\"><div id=\"sc_background_881822424\"\n\t\t\tclass=\"sc_background sc_background_default\" style=\"text-align:center;color:#f8f8f8;top:0.30em;right:0px;left:0px;\">BLOG<\/div><\/div><!-- \/.sc_background_wrap --><div id=\"sc_title_1401559621\"\n\t\tclass=\"sc_title color_style_default sc_title_default\"><h2 class=\"sc_item_title sc_title_title sc_align_center sc_item_title_style_default sc_item_title_tag\">Aanverwante artikelen<\/h2><\/div><!-- \/.sc_title -->[vc_basic_grid post_type=&#8221;post&#8221; max_items=&#8221;1000&#8243; style=&#8221;load-more&#8221; items_per_page=&#8221;8&#8243; element_width=&#8221;6&#8243; btn_shape=&#8221;square&#8221; btn_color=&#8221;inverse&#8221; btn_align=&#8221;center&#8221; grid_id=&#8221;vc_gid:1545130961285-30922f6b-2321-6&#8243; taxonomies=&#8221;107, 61&#8243;][\/vc_column][\/vc_row][vc_row full_width=&#8221;stretch_row_content_no_spaces&#8221; scheme=&#8221;dark&#8221; css=&#8221;.vc_custom_1538046706767{margin-top: 100px !important;margin-right: 0px !important;margin-left: 0px !important;background-image: url(https:\/\/www.cbleon-abogados.com\/wp-content\/uploads\/2018\/08\/calltoaction_bg2.jpg?id=1645) !important;}&#8221;][vc_column][vc_empty_space height=&#8221;6.6em&#8221; alter_height=&#8221;none&#8221; hide_on_mobile=&#8221;&#8221;]<div id=\"sc_title_1810617446\"\n\t\tclass=\"sc_title color_style_default sc_title_default\"><h3 class=\"sc_item_title sc_title_title sc_align_center sc_item_title_style_default\">Wilt u een vraag stellen?<\/h3><\/div><!-- \/.sc_title -->[vc_column_text]<\/p>\n<p style=\"text-align: center;\">Eerste aanvraag is altjid gratis<\/p>\n<p>[\/vc_column_text][vc_empty_space height=&#8221;2.8em&#8221; alter_height=&#8221;none&#8221; hide_on_mobile=&#8221;&#8221;]<div class=\"sc_item_button sc_button_wrap sc_align_center\"><a href=\"https:\/\/www.cblspanishlawyers.com\/contact-spanish-lawyer\/\" id=\"sc_button_306623808\" class=\"sc_button color_style_default sc_button_default sc_button_size_normal sc_button_icon_left\" target=\"_blank\" rel=\"noopener\"><span class=\"sc_button_text\"><span class=\"sc_button_title\">Maak een gratis aanvraag<span class=\"trx_addons_icon-arrow\"><\/span><\/span><\/span><!-- \/.sc_button_text --><\/a><!-- \/.sc_button --><\/div><!-- \/.sc_item_button -->[vc_empty_space height=&#8221;6em&#8221; alter_height=&#8221;none&#8221; hide_on_mobile=&#8221;&#8221;][\/vc_column][\/vc_row]<\/p>\n<\/div>","protected":false},"excerpt":{"rendered":"<p>[vc_row][vc_column][vc_empty_space height=&#8221;11em&#8221; alter_height=&#8221;none&#8221; hide_on_mobile=&#8221;&#8221;][vc_empty_space height=&#8221;1.3em&#8221; alter_height=&#8221;none&#8221; hide_on_mobile=&#8221;&#8221;][\/vc_column][\/vc_row][vc_row][vc_column][vc_column_text]B rede en belangrijke tak van het recht die de regulering bevat van een groot deel van de kwesties of zaken die van invloed zijn op de priv\u00e9sfeer van mensen en die zowel in hun relaties van economische aard als in hun persoonlijke sfeer naar voren komen. Het burgerlijk recht dat onder de invloed&hellip;<\/p>\n","protected":false},"author":7,"featured_media":0,"parent":0,"menu_order":0,"comment_status":"closed","ping_status":"closed","template":"","meta":{"_acf_changed":false,"_joinchat":[],"footnotes":""},"class_list":["post-17655","page","type-page","status-publish","hentry"],"acf":[],"_links":{"self":[{"href":"https:\/\/cbleon-abogados.com\/nl\/wp-json\/wp\/v2\/pages\/17655","targetHints":{"allow":["GET"]}}],"collection":[{"href":"https:\/\/cbleon-abogados.com\/nl\/wp-json\/wp\/v2\/pages"}],"about":[{"href":"https:\/\/cbleon-abogados.com\/nl\/wp-json\/wp\/v2\/types\/page"}],"author":[{"embeddable":true,"href":"https:\/\/cbleon-abogados.com\/nl\/wp-json\/wp\/v2\/users\/7"}],"replies":[{"embeddable":true,"href":"https:\/\/cbleon-abogados.com\/nl\/wp-json\/wp\/v2\/comments?post=17655"}],"version-history":[{"count":0,"href":"https:\/\/cbleon-abogados.com\/nl\/wp-json\/wp\/v2\/pages\/17655\/revisions"}],"wp:attachment":[{"href":"https:\/\/cbleon-abogados.com\/nl\/wp-json\/wp\/v2\/media?parent=17655"}],"curies":[{"name":"wp","href":"https:\/\/api.w.org\/{rel}","templated":true}]}}