{"id":17612,"date":"2018-10-16T12:30:57","date_gmt":"2018-10-16T12:30:57","guid":{"rendered":"https:\/\/www.cbleon-abogados.com\/?page_id=17612"},"modified":"2024-08-12T09:45:03","modified_gmt":"2024-08-12T07:45:03","slug":"contact-spaanse-advocaat","status":"publish","type":"page","link":"https:\/\/cbleon-abogados.com\/nl\/contact-spaanse-advocaat\/","title":{"rendered":"Contact"},"content":{"rendered":"<div class=\"wpb-content-wrapper\"><p>[vc_row][vc_column][vc_column_text css=&#8221;&#8221;]<span style=\"color: #000000;\"><strong>Adres: <\/strong>Calle Pintor Lorenzo Casanova 66- 1\u00baA, 03003 Alicante, Spanje<\/span><\/p>\n<p><span style=\"color: #000000;\">Het Advocatenkantoor van Heer CARLOS BA\u00d1O LE\u00d3N bevindt zich op \u00e9\u00e9n van beste comerci\u00eble en strategische plaatsen van de stad Alicante.<\/span><\/p>\n<p><span style=\"color: #000000;\">Het heeft een makkelijke bereikbaarheid daar het ligt aan \u00e9\u00e9n van de grote comerci\u00eble lanen en winkelzaken van de stad, heel ruim aanbod aan bushaltes. De dichtsbijzijnde zijn deze: Calle Pintor Lorenzo Casanova 60, Avenida Oscar Espl\u00e1 10 en Oscar Espl\u00e1 16.<\/span><\/p>\n<p><span style=\"color: #000000;\">Het parkeren is makkelijk daar er aan de overzijde van ons kantoor een ruime parking aanwezig is, genaamd Parking Catedr\u00e1trico Soler 23. Maar ook op minder dan 100 meter is er de grootste parking van Alicante, zijnde in Avennida Maisonave en ook is er deze van het commercieel centrum &#8220;el Corte Ingles&#8221;.<\/span><\/p>\n<p><span style=\"color: #000000;\">Er dient ook opgemerkt te worden dat het treinstation is gelegen op minder dan 400 meter en vanuit de luchthaven is het kantoor ook makkelijk te bereiken.<\/span><\/p>\n<p><span style=\"color: #000000;\">Belangrijk is dat vlakbij het kantoor er verschillende hotels van prestisgieuze nationale hotelketens zijn en vlakbij het kantoor bevindt zich de grootste winkelstraat van Alicante zijnde Avenida Maisonave waarbij aan de uiterste punten van deze straat het prestigevolle winkelcentrum El Corte&#8217;Ingles bevindt, \u00e9\u00e9n van dezen vlakbij dit kantoor.<\/span><\/p>\n<h3><strong>Openingstijden: maandag tot vrijdag van 9:00 tot 19:00<\/strong><\/h3>\n<p>&nbsp;<\/p>\n<p><span style=\"color: #000000;\">U kan ons bereiken via :<\/span><\/p>\n<p><span style=\"color: #000000;\">&#8211; Onze pagina web (Chat online\/ Contactformulier)<\/span><\/p>\n<p><span style=\"color: #000000;\">&#8211; Telefonisch: <a style=\"color: #000000;\" href=\"tel:+34965921853\">+34 965 92 18 53<\/a><\/span><\/p>\n<p><span style=\"color: #000000;\">-Telf. <a style=\"color: #000000;\" href=\"tel:+34635512123\">+34 635 51 21 23<\/a> voor WhatsApp boodschappen van maandag tot zondag buiten de kantooruren<\/span><\/p>\n<p><span style=\"color: #000000;\">&#8211;\u00a0 Een bericht via electronisch schrijven: <a style=\"color: #000000;\" href=\"mailto:mail@cbleon-abogados.com\">mail@cbleon-abogados.com<\/a><\/span><\/p>\n<p><span style=\"color: #000000;\">&#8211; Een boodschap versturend naar ons Facebook: <a style=\"color: #000000;\" href=\"https:\/\/www.facebook.com\/CBL-Abogados-182280555161948\/\" target=\"_blank\" rel=\"noopener\">CBL Abogados<\/a><\/span>[\/vc_column_text][\/vc_column][\/vc_row][vc_row][vc_column][vc_empty_space height=&#8221;10.7em&#8221; alter_height=&#8221;none&#8221; hide_on_mobile=&#8221;&#8221;]<div id=\"sc_background_341763512_wrap\" class=\"sc_background_wrap\"><div id=\"sc_background_341763512\"\n\t\t\tclass=\"sc_background sc_background_default\" style=\"text-align:center;color:#f8f8f8;top:0.55em;right:0px;left:0px;\">CBL<\/div><\/div><!-- \/.sc_background_wrap --><div id=\"sc_title_1149137717\"\n\t\tclass=\"sc_title color_style_default sc_title_default\"><h2 class=\"sc_item_title sc_title_title sc_align_center sc_item_title_style_default sc_item_title_tag\">EERSTE RAADPLEGING <br> GRATIS<\/h2><\/div><!-- \/.sc_title --><div  id=\"sc_promo_2016746736\" \n\tclass=\"sc_promo color_style_default sc_promo_default sc_promo_size_normal sc_promo_no_paddings sc_promo_image_position_left\"><div class=\"sc_promo_image\" style=\"background-image:url(https:\/\/cbleon-abogados.com\/wp-content\/uploads\/2018\/08\/about-us.jpg);width:75%;height:390px;left: 0;\"><\/div><div class=\"sc_promo_text sc_float_right\" style=\"width: 25%;float: right;\">\n\t\t\t<div class=\"sc_promo_text_inner sc_content_width_25%\" style=\" margin:16em 0 0 -20em;display: block;\"><div class=\"sc_promo_content sc_item_content\"><div id=\"sc_background_731446130_wrap\" class=\"sc_background_wrap\"><div id=\"sc_background_731446130\"\n\t\t\tclass=\"sc_background sc_background_default\" style=\"text-align:center;color:#f8f8f8;right:0px;bottom:80px;\">01<\/div><\/div><!-- \/.sc_background_wrap --><div id=\"sc_icons_705064243\" \n\tclass=\"sc_icons sc_icons_default sc_icons_size_medium sc_align_left\"><div class=\"sc_icons_columns_wrap sc_item_columns trx_addons_columns_wrap columns_padding_bottom\"><div class=\"trx_addons_column-1_2\"><div class=\"sc_icons_item\"><h4 class=\"sc_icons_item_title\"><span>Gegevens<\/span><\/h4><div class=\"sc_icons_item_description\"><div><strong>Adres:<\/strong> Calle Pintor Lorenzo Casanova, 66<\/div><div>03003 Alicante, Espa\u00f1a <\/div><div><br\/><\/div><div><a href=\"tel:+34965921853\">+34 965 92 18 53<\/a><\/div><div><a href\"mailto:mail@cbleon-abogados.com\">mail@cbleon-abogados.com<\/a><\/div><\/div><\/div><\/div><div class=\"trx_addons_column-1_2\"><div class=\"sc_icons_item\"><h4 class=\"sc_icons_item_title\"><span>Openingstijd<\/span><\/h4><div class=\"sc_icons_item_description\"><div>Openingstijden: maandag tot en met vrijdag van 8.00 tot 19.00 uur.<\/div><\/div><\/div><\/div><\/div><\/div><!-- \/.sc_icons --><\/div><\/div>\n\t\t<\/div><!-- \/.sc_promo_text --><\/div><!-- \/.sc_promo -->[vc_empty_space height=&#8221;6.4em&#8221; alter_height=&#8221;none&#8221; hide_on_mobile=&#8221;&#8221;][\/vc_column][\/vc_row][vc_row full_width=&#8221;stretch_row_content_no_spaces&#8221; equal_height=&#8221;yes&#8221; content_placement=&#8221;middle&#8221;][vc_column width=&#8221;1\/3&#8243; css=&#8221;.vc_custom_1534500367740{background-image: url(https:\/\/www.cbleon-abogados.com\/wp-content\/uploads\/2018\/08\/contacto_img.jpg?id=1600) !important;background-position: center !important;background-repeat: no-repeat !important;background-size: cover !important;}&#8221;][\/vc_column][vc_column width=&#8221;1\/3&#8243; css=&#8221;.vc_custom_1496142819671{background-color: #f8f8f8 !important;}&#8221;]<div id=\"sc_content_516622038\"\n\t\tclass=\"sc_content color_style_default sc_content_default sc_float_center  vc_custom_1496142575229 sc_padding_medium sc_margin_small\"><div class=\"sc_content_container\">[vc_empty_space height=&#8221;1.8em&#8221; alter_height=&#8221;none&#8221; hide_on_mobile=&#8221;&#8221;]<div id=\"sc_title_193964479\"\n\t\tclass=\"sc_title color_style_default sc_title_default\"><h2 class=\"sc_item_title sc_title_title sc_align_center sc_item_title_style_default sc_item_title_tag\">RAADPLEEG NU VRIJBLIJVEND<\/h2><\/div><!-- \/.sc_title -->[contact-form-7 id=&#8221;17284&#8243;][vc_column_text]<\/p>\n<p style=\"text-align: center;\"><em><span style=\"color: #336799;\">We kunnen u helpen. Eerste raadpleging gratis.<\/span><\/em><\/p>\n<p>[\/vc_column_text]<\/div><\/div><!-- \/.sc_content -->[\/vc_column][vc_column width=&#8221;1\/3&#8243;]<div id=\"sc_googlemap_1995862358_wrap\" class=\"sc_googlemap_wrap\"><div id=\"sc_googlemap_1995862358\"\n\t\t\tclass=\"sc_googlemap sc_googlemap_default\"\n\t\t\t style=\"width:100%;height:900px;\"\t\t\tdata-zoom=\"12\"\n\t\t\tdata-style=\"default\"\n\t\t\tdata-cluster-icon=\"\"\n\t\t\t><div id=\"sc_googlemap_1995862358_1\" class=\"sc_googlemap_marker\"\n                            data-latlng=\"38.340703, -0.493429\"\n                            data-address=\"Calle Pintor Lorenzo Casanova, 66 03003 Alicante, Espa\u00f1a\"\n                            data-description=\"\"\n                            data-title=\"\"\n                            data-icon=\"https:\/\/cbleon-abogados.com\/wp-content\/uploads\/2018\/08\/map-cbl.png\"\n                            ><\/div><\/div><\/div><!-- \/.sc_googlemap_wrap -->[\/vc_column][\/vc_row]<\/p>\n<\/div>","protected":false},"excerpt":{"rendered":"<p>[vc_row][vc_column][vc_column_text css=&#8221;&#8221;]Adres: Calle Pintor Lorenzo Casanova 66- 1\u00baA, 03003 Alicante, Spanje Het Advocatenkantoor van Heer CARLOS BA\u00d1O LE\u00d3N bevindt zich op \u00e9\u00e9n van beste comerci\u00eble en strategische plaatsen van de stad Alicante. Het heeft een makkelijke bereikbaarheid daar het ligt aan \u00e9\u00e9n van de grote comerci\u00eble lanen en winkelzaken van de stad, heel ruim aanbod aan bushaltes. De dichtsbijzijnde zijn&hellip;<\/p>\n","protected":false},"author":7,"featured_media":18090,"parent":0,"menu_order":0,"comment_status":"closed","ping_status":"closed","template":"","meta":{"_acf_changed":false,"_joinchat":[],"footnotes":""},"class_list":["post-17612","page","type-page","status-publish","has-post-thumbnail","hentry"],"acf":[],"_links":{"self":[{"href":"https:\/\/cbleon-abogados.com\/nl\/wp-json\/wp\/v2\/pages\/17612","targetHints":{"allow":["GET"]}}],"collection":[{"href":"https:\/\/cbleon-abogados.com\/nl\/wp-json\/wp\/v2\/pages"}],"about":[{"href":"https:\/\/cbleon-abogados.com\/nl\/wp-json\/wp\/v2\/types\/page"}],"author":[{"embeddable":true,"href":"https:\/\/cbleon-abogados.com\/nl\/wp-json\/wp\/v2\/users\/7"}],"replies":[{"embeddable":true,"href":"https:\/\/cbleon-abogados.com\/nl\/wp-json\/wp\/v2\/comments?post=17612"}],"version-history":[{"count":2,"href":"https:\/\/cbleon-abogados.com\/nl\/wp-json\/wp\/v2\/pages\/17612\/revisions"}],"predecessor-version":[{"id":35037,"href":"https:\/\/cbleon-abogados.com\/nl\/wp-json\/wp\/v2\/pages\/17612\/revisions\/35037"}],"wp:featuredmedia":[{"embeddable":true,"href":"https:\/\/cbleon-abogados.com\/nl\/wp-json\/wp\/v2\/media\/18090"}],"wp:attachment":[{"href":"https:\/\/cbleon-abogados.com\/nl\/wp-json\/wp\/v2\/media?parent=17612"}],"curies":[{"name":"wp","href":"https:\/\/api.w.org\/{rel}","templated":true}]}}