{"id":9618,"date":"2023-04-28T10:40:54","date_gmt":"2023-04-28T08:40:54","guid":{"rendered":"https:\/\/www.cbleon-abogados.com\/?page_id=9618"},"modified":"2024-05-09T12:27:42","modified_gmt":"2024-05-09T10:27:42","slug":"home","status":"publish","type":"page","link":"https:\/\/cbleon-abogados.com\/en\/","title":{"rendered":"Carlos Ba\u00f1o Le\u00f3n Abogados &#8211; Law Firm in Alicante, Spain."},"content":{"rendered":"<div class=\"wpb-content-wrapper\"><p>[vc_row full_width=&#8221;stretch_row_content_no_spaces&#8221;][vc_column][vc_column_text css=&#8221;.vc_custom_1715072987713{margin-top: 20px !important;}&#8221;]<\/p>\n<h1 style=\"text-align: center; font-size: 28px;\">Lawyer in Alicante : Carlos Ba\u00f1o Le\u00f3n<\/h1>\n<p>[\/vc_column_text][vc_column_text css=&#8221;&#8221;]<\/p>\n<h2 style=\"text-align: center;\">Law firm in Alicante with more than 40 years of experience.<\/h2>\n<p>[\/vc_column_text][\/vc_column][\/vc_row][vc_row][vc_column]<div id=\"sc_background_83152502_wrap\" class=\"sc_background_wrap\"><div id=\"sc_background_83152502\"\n\t\t\tclass=\"sc_background sc_background_default\" style=\"color:#f8f8f8;top:1.03em;right:0px;left:0px;\">ABOGADO<\/div><\/div><!-- \/.sc_background_wrap -->[vc_single_image image=&#8221;17910&#8243; img_size=&#8221;full&#8221;][vc_column_text css=&#8221;&#8221;]LAWYER IN ALICANTE<\/p>\n<p>Carlos Ba\u00f1o Le\u00f3n, Lawyers in Alicante: Your reliable law firm in Alicante since 1984. Multidisciplinary experts at your service throughout Spain.<\/p>\n<p>We pride ourselves on our vast experience in various branches of Law, standing out in areas such as Real Estate Law, Construction, Mortgage Law, Damages, Obligations and Contracts, International Trade, Civil, Commercial and Criminal Law, among others.<\/p>\n<p>Always at the forefront, we are pioneers in the adoption of new technologies and our presence on the Internet goes back many years.<\/p>\n<p>With the firm commitment to provide you with immediate attention, we have implemented an online chat service. Connect instantly with our lawyers in Alicante and receive a first orientation without obligation.<\/p>\n<p>Our team will follow up your queries in a professional and personalised manner.<\/p>\n<p>Why choose the Law Office of Carlos Ba\u00f1o Le\u00f3n?<br \/>\nProven experience: With more than 35 years in the legal sector, we have helped thousands of clients to successfully resolve their legal problems.<br \/>\nPersonalised attention: Our team of lawyers is committed to understanding your specific needs and designing tailor-made legal strategies to achieve the best results.<br \/>\nSpecialised lawyers: We have highly qualified legal professionals in different areas of law, which guarantees an expert and effective approach to each case.<br \/>\nCommitment to innovation: We are constantly updating our practices and tools to offer you more agile and effective legal solutions.<br \/>\nExcellent reputation: Our track record in the firm and the satisfaction of our clients endorse the quality of our work and our commitment to excellence.<\/p>\n<p>At Carlos Ba\u00f1o Le\u00f3n &#8211; Bufete de Abogados in Alicante, we strive to keep up to date with the latest trends and changes in legislation in order to provide you with comprehensive and up-to-date legal advice.<\/p>\n<p>We offer free, no-obligation consultations to assess your needs and help you make informed decisions.<\/p>\n<p>Do you have a legal consultation? Don&#8217;t hesitate to contact us today and find out how our team of lawyers in Alicante can make a difference in your case.[\/vc_column_text][\/vc_column][\/vc_row][vc_row][vc_column]<div id=\"sc_background_145079792_wrap\" class=\"sc_background_wrap\"><div id=\"sc_background_145079792\"\n\t\t\tclass=\"sc_background sc_background_default\" style=\"color:#f8f8f8;top:-20px;right:0px;left:0px;\">02<\/div><\/div><!-- \/.sc_background_wrap --><div id=\"sc_services_390192631\" class=\"sc_services color_style_default sc_services_default sc_services_featured_top\"><h3 class=\"sc_item_title sc_services_title sc_align_center sc_item_title_style_default sc_item_title_tag\">Legal Services We Offer in Alicante<\/h3><div class=\"sc_services_columns_wrap sc_item_columns sc_item_columns_4 trx_addons_columns_wrap columns_padding_bottom\"><div class=\"trx_addons_column-1_4\"><div class=\"sc_services_item with_content with_number sc_services_item_featured_top\">\r\n\t<span class=\"sc_services_item_number\">01<\/span>\t\r\n\t<div class=\"sc_services_item_info\">\r\n\t\t<div class=\"sc_services_item_header\">\r\n\t\t\t<h4 class=\"sc_services_item_title\"><a href=\"https:\/\/cbleon-abogados.com\/en\/services\/property-law-spain\/\">REAL ESTATE AND CONSTRUCTION LAWYERS<\/a><\/h4>\r\n\t\t\t<div class=\"sc_services_item_subtitle\"><a href=\"https:\/\/cbleon-abogados.com\/en\/services_group\/ingles\/\" title=\"View all posts in Ingl\u00e9s\">Ingl\u00e9s<\/a><\/div>\r\n\t\t<\/div>\r\n\t\t\t<\/div>\r\n<\/div>\r\n<\/div><div class=\"trx_addons_column-1_4\"><div class=\"sc_services_item with_content with_number sc_services_item_featured_top\">\r\n\t<span class=\"sc_services_item_number\">02<\/span>\t\r\n\t<div class=\"sc_services_item_info\">\r\n\t\t<div class=\"sc_services_item_header\">\r\n\t\t\t<h4 class=\"sc_services_item_title\"><a href=\"https:\/\/cbleon-abogados.com\/en\/services\/commercial-debt-collection\/\">INVORDERING VAN HANDELSSCHULDEN<\/a><\/h4>\r\n\t\t\t<div class=\"sc_services_item_subtitle\"><a href=\"https:\/\/cbleon-abogados.com\/en\/services_group\/ingles\/\" title=\"View all posts in Ingl\u00e9s\">Ingl\u00e9s<\/a><\/div>\r\n\t\t<\/div>\r\n\t\t\t<\/div>\r\n<\/div>\r\n<\/div><div class=\"trx_addons_column-1_4\"><div class=\"sc_services_item with_content with_number sc_services_item_featured_top\">\r\n\t<span class=\"sc_services_item_number\">03<\/span>\t\r\n\t<div class=\"sc_services_item_info\">\r\n\t\t<div class=\"sc_services_item_header\">\r\n\t\t\t<h4 class=\"sc_services_item_title\"><a href=\"https:\/\/cbleon-abogados.com\/en\/services\/tort-law-damages-and-injuries\/\">TORT LAWYERS<\/a><\/h4>\r\n\t\t\t<div class=\"sc_services_item_subtitle\"><a href=\"https:\/\/cbleon-abogados.com\/en\/services_group\/ingles\/\" title=\"View all posts in Ingl\u00e9s\">Ingl\u00e9s<\/a><\/div>\r\n\t\t<\/div>\r\n\t\t\t<\/div>\r\n<\/div>\r\n<\/div><div class=\"trx_addons_column-1_4\"><div class=\"sc_services_item with_content with_number sc_services_item_featured_top\">\r\n\t<span class=\"sc_services_item_number\">04<\/span>\t\r\n\t<div class=\"sc_services_item_info\">\r\n\t\t<div class=\"sc_services_item_header\">\r\n\t\t\t<h4 class=\"sc_services_item_title\"><a href=\"https:\/\/cbleon-abogados.com\/en\/services\/damages-in-building-construction\/\">CIVIL LAWYERS IN ALICANTE<\/a><\/h4>\r\n\t\t\t<div class=\"sc_services_item_subtitle\"><a href=\"https:\/\/cbleon-abogados.com\/en\/services_group\/ingles\/\" title=\"View all posts in Ingl\u00e9s\">Ingl\u00e9s<\/a><\/div>\r\n\t\t<\/div>\r\n\t\t\t<\/div>\r\n<\/div>\r\n<\/div><div class=\"trx_addons_column-1_4\"><div class=\"sc_services_item with_content with_number sc_services_item_featured_top\">\r\n\t<span class=\"sc_services_item_number\">05<\/span>\t\r\n\t<div class=\"sc_services_item_info\">\r\n\t\t<div class=\"sc_services_item_header\">\r\n\t\t\t<h4 class=\"sc_services_item_title\"><a href=\"https:\/\/cbleon-abogados.com\/en\/services\/criminal-law\/\">CRIMINAL LAWYERS IN ALICANTE<\/a><\/h4>\r\n\t\t\t<div class=\"sc_services_item_subtitle\"><a href=\"https:\/\/cbleon-abogados.com\/en\/services_group\/ingles\/\" title=\"View all posts in Ingl\u00e9s\">Ingl\u00e9s<\/a><\/div>\r\n\t\t<\/div>\r\n\t\t\t<\/div>\r\n<\/div>\r\n<\/div><div class=\"trx_addons_column-1_4\"><div class=\"sc_services_item with_content with_number sc_services_item_featured_top\">\r\n\t<span class=\"sc_services_item_number\">06<\/span>\t\r\n\t<div class=\"sc_services_item_info\">\r\n\t\t<div class=\"sc_services_item_header\">\r\n\t\t\t<h4 class=\"sc_services_item_title\"><a href=\"https:\/\/cbleon-abogados.com\/en\/services\/actions-against-city-councils-and-other-public-organizations\/\">COMMERCIAL AND CORPORATE LAWYERS<\/a><\/h4>\r\n\t\t\t<div class=\"sc_services_item_subtitle\"><a href=\"https:\/\/cbleon-abogados.com\/en\/services_group\/ingles\/\" title=\"View all posts in Ingl\u00e9s\">Ingl\u00e9s<\/a><\/div>\r\n\t\t<\/div>\r\n\t\t\t<\/div>\r\n<\/div>\r\n<\/div><div class=\"trx_addons_column-1_4\"><div class=\"sc_services_item with_content with_number sc_services_item_featured_top\">\r\n\t<span class=\"sc_services_item_number\">07<\/span>\t\r\n\t<div class=\"sc_services_item_info\">\r\n\t\t<div class=\"sc_services_item_header\">\r\n\t\t\t<h4 class=\"sc_services_item_title\"><a href=\"https:\/\/cbleon-abogados.com\/en\/services\/enforcement-of-foreign-judgments-and-arbitral-awards-in-spain\/\">LABOUR LAWYERS IN ALICANTE<\/a><\/h4>\r\n\t\t\t<div class=\"sc_services_item_subtitle\"><a href=\"https:\/\/cbleon-abogados.com\/en\/services_group\/ingles\/\" title=\"View all posts in Ingl\u00e9s\">Ingl\u00e9s<\/a><\/div>\r\n\t\t<\/div>\r\n\t\t\t<\/div>\r\n<\/div>\r\n<\/div><div class=\"trx_addons_column-1_4\"><div class=\"sc_services_item with_content with_number sc_services_item_featured_top\">\r\n\t<span class=\"sc_services_item_number\">08<\/span>\t\r\n\t<div class=\"sc_services_item_info\">\r\n\t\t<div class=\"sc_services_item_header\">\r\n\t\t\t<h4 class=\"sc_services_item_title\"><a href=\"https:\/\/cbleon-abogados.com\/en\/services\/international-trade\/\">INTERNATIONAL TRADE LAWYERS<\/a><\/h4>\r\n\t\t\t<div class=\"sc_services_item_subtitle\"><a href=\"https:\/\/cbleon-abogados.com\/en\/services_group\/ingles\/\" title=\"View all posts in Ingl\u00e9s\">Ingl\u00e9s<\/a><\/div>\r\n\t\t<\/div>\r\n\t\t\t<\/div>\r\n<\/div>\r\n<\/div><\/div><\/div><!-- \/.sc_services --><div id=\"sc_title_556792601\"\n\t\tclass=\"sc_title color_style_default sc_title_default\"><h3 class=\"sc_item_title sc_title_title sc_align_center sc_item_title_style_default sc_item_title_tag\">Frequently Asked Questions<\/h3><h6 class=\"sc_item_subtitle sc_title_subtitle sc_align_center sc_item_title_style_default\">\t\t\t<a href=\"https:\/\/www.cbleon-abogados.com\/preguntas-frecuentes\/\">Preguntas Frecuentes<\/a>\t\n\t<\/h6><\/div><!-- \/.sc_title -->[\/vc_column][\/vc_row][vc_row full_width=&#8221;stretch_row_content_no_spaces&#8221; scheme=&#8221;dark&#8221; css=&#8221;.vc_custom_1533126981686{margin-right: 0px !important;margin-left: 0px !important;background-color: #141318 !important;background-position: center !important;background-repeat: no-repeat !important;background-size: cover !important;}&#8221; el_class=&#8221;call-to-action-pequeno&#8221;][vc_column][vc_empty_space height=&#8221;5em&#8221; alter_height=&#8221;none&#8221; hide_on_mobile=&#8221;&#8221;]<div id=\"sc_title_599090348\"\n\t\tclass=\"sc_title color_style_default sc_title_default\"><h5 class=\"sc_item_title sc_title_title sc_align_center sc_item_title_style_default sc_item_title_tag\">\u00bfNECESITAS REALIZAR ALGUNA CONSULTA? Carlos Ba\u00f1o Le\u00f3n Abogados<\/h5><\/div><!-- \/.sc_title -->[vc_column_text]<\/p>\n<p style=\"text-align: center;\">Desea m\u00e1s informaci\u00f3n puede ver nuestro <a href=\"https:\/\/www.youtube.com\/channel\/UCdgKOkqgHFCAbL26GeBl09A\" target=\"_blank\" rel=\"noopener\">canal de Youtube<\/a><\/p>\n<p>[\/vc_column_text][vc_empty_space height=&#8221;2.8em&#8221; alter_height=&#8221;none&#8221; hide_on_mobile=&#8221;&#8221;]<div class=\"sc_item_button sc_button_wrap sc_align_center\"><a href=\"https:\/\/www.cbleon-abogados.com\/contacto\/\" id=\"sc_button_410321699\" class=\"sc_button color_style_default sc_button_default sc_button_size_normal sc_button_icon_left\"><span class=\"sc_button_text\"><span class=\"sc_button_title\">Consulta<span class=\"trx_addons_icon-arrow\"><\/span><\/span><\/span><!-- \/.sc_button_text --><\/a><!-- \/.sc_button --><\/div><!-- \/.sc_item_button -->[\/vc_column][\/vc_row][vc_row][vc_column][vc_column_text]<\/p>\n<p style=\"text-align: center;\"><div class=\"rpi\"               style=\"--head-btn-txt-color: #ffffff; --head-based-color: #606060; --head-card-bg-color: #ffffff; --head-card-br-color: #ffffff; --head-scale-color: #000000; --head-btn-color: #606060; --card-br-color: #ffffff; --card-bg-color: #ffffff; --name-color: #606060; --time-color: #606060; --head-card-bg: transparent; --head-card-radius: none;\"               data-id=\"31431\"               data-opts='{\"layout\":\"slider\",\"style_style\":\"1\",\"style_stars\":\"4\",\"style_ava\":\"1\",\"head_logo\":\"5\",\"style_logo\":\"1\",\"pagination\":\"\",\"text_size\":\"300\",\"hide_avatar\":\"\",\"hide_name\":\"\",\"disable_review_time\":\"\",\"disable_user_link\":\"\",\"disable_google_link\":\"\",\"open_link\":\"1\",\"nofollow_link\":\"1\",\"lazy_load_img\":\"1\",\"time_format\":\"\",\"breakpoints\":\"\",\"trans\":{\"read more\":\"read more\",\"Response from the owner\":\"Response from the owner\"}}'               data-exec=\"\"        ><div class=\"rpi-cnt rpi-col-m rpi-slider\"               data-count=\"0\"               data-offset=\"0\"               data-opts='{\"speed\":5,\"autoplay\":\"\",\"wheelscroll\":\"\",\"mousestop\":\"\",\"clickstop\":\"\",\"swipe_step\":\"\",\"swipe_per_btn\":\"\",\"swipe_per_dot\":\"\",\"hide_dots\":\"\"}'               style=\"visibility:var(--visible, hidden)\"        ><\/div><img loading=\"lazy\" decoding=\"async\" src=\"data:image\/gif;base64,R0lGODlhAQABAIAAAAAAAP\/\/\/yH5BAEAAAAALAAAAAABAAEAAAIBRAA7\" alt=\"js_loader\" onload=\"(function(el) { var t = setInterval(function() {if (window.RichPlugins && !el.getAttribute('data-exec')) { let l = 'slider'; RichPlugins.init(el); clearInterval(t) }}, 200)})(this.parentNode)\" width=\"1\" height=\"1\" style=\"display:none\"><\/div>\n<p>[\/vc_column_text][\/vc_column][\/vc_row][vc_row][vc_column css=&#8221;.vc_custom_1656691025096{margin-top: 180px !important;}&#8221;][vc_column_text css=&#8221;&#8221; el_class=&#8221;textoabogadonuevo&#8221;]Carlos Ba\u00f1o Le\u00f3n, Lawyers in Alicante<\/p>\n<p>Carlos Ba\u00f1o Le\u00f3n, Lawyers in Alicante: we are a law firm with a distinctive character.<\/p>\n<p>Since our foundation in 1984, we have been dedicated to providing proactive and personalised legal solutions, providing quality, value and profitability to our clients.<\/p>\n<p>Our areas of specialisation include Real Estate, Construction and Housing Law; Civil Liability and Damages; Obligations and Contracts; International Trade; Civil, Commercial and Criminal Law, among others.<\/p>\n<p>At our law firm in Alicante, we understand the importance of keeping you informed and meeting your specific needs. That is why we offer comprehensive and accessible legal advice, always at your disposal.<\/p>\n<p><img loading=\"lazy\" decoding=\"async\" class=\"aligncenter wp-image-30659 size-full\" title=\"Abogado en Alicante Carlos Ba\u00f1o Le\u00f3n\" src=\"https:\/\/www.cbleon-abogados.com\/wp-content\/uploads\/2019\/09\/abogado-carlos-leon-asesoramiento-portada.jpg\" alt=\"Abogado en Alicante Carlos Ba\u00f1o Le\u00f3n\" width=\"1465\" height=\"871\" srcset=\"https:\/\/cbleon-abogados.com\/wp-content\/uploads\/2019\/09\/abogado-carlos-leon-asesoramiento-portada.jpg 1465w, https:\/\/cbleon-abogados.com\/wp-content\/uploads\/2019\/09\/abogado-carlos-leon-asesoramiento-portada-300x178.jpg 300w, https:\/\/cbleon-abogados.com\/wp-content\/uploads\/2019\/09\/abogado-carlos-leon-asesoramiento-portada-768x457.jpg 768w, https:\/\/cbleon-abogados.com\/wp-content\/uploads\/2019\/09\/abogado-carlos-leon-asesoramiento-portada-1024x609.jpg 1024w, https:\/\/cbleon-abogados.com\/wp-content\/uploads\/2019\/09\/abogado-carlos-leon-asesoramiento-portada-370x220.jpg 370w, https:\/\/cbleon-abogados.com\/wp-content\/uploads\/2019\/09\/abogado-carlos-leon-asesoramiento-portada-570x340.jpg 570w, https:\/\/cbleon-abogados.com\/wp-content\/uploads\/2019\/09\/abogado-carlos-leon-asesoramiento-portada-760x452.jpg 760w\" sizes=\"auto, (max-width: 1465px) 100vw, 1465px\" \/><\/p>\n<p>Do you need legal guidance? Contact us today and find out how our team of experts in Alicante strives to exceed your expectations and defend your interests.[\/vc_column_text][vc_tta_accordion][vc_tta_section title=&#8221;Real Estate Lawyer&#8221; tab_id=&#8221;1645181836994-4583864d-753e&#8221;][vc_column_text css=&#8221;&#8221;]With decades of experience, the law firm has in-depth knowledge of real estate law. This specialised area is crucial because it regulates property law, which is important for people socio-economically and personally whether it is houses or commercial space.<\/p>\n<p>If you want security when buying real estate we are your law firm. Any issue affecting your property can be solved by this law firm.<\/p>\n<p>Purchases; Leases; Damage Construction, Building Contracts, etc., are some of the issues that are frequently dealt with in this speciality in this office.[\/vc_column_text][\/vc_tta_section][vc_tta_section title=&#8221;Civil Lawyer&#8221; tab_id=&#8221;1645181836994-3229435b-05bb&#8221;][vc_column_text]<span style=\"color: #000000;\">In a world governed by law, there is always a civil lawyer on hand to defend you when the going gets tough. Whether in or out of court,<strong> extrajudicial activities are very important in this branch, allowing principles such as the autonomy and freedom of individuals to reach agreements to be translated into a wide variety of contracts.<\/strong>and, in turn, of possible conflicts. With good advice it is not difficult to avoid them.<\/span>[\/vc_column_text][\/vc_tta_section][vc_tta_section title=&#8221;International Trade Lawyer&#8221; tab_id=&#8221;1645182600690-b063542c-c921&#8243;][vc_column_text]<span style=\"color: #000000;\">We have a lawyer who can solve any doubt or problem that may arise when dealing with international companies, since he is trained to manage the whole process from the beginning to the end, so your interests will always be taken care of in an optimal way, <strong>we are proud of the many success stories in which we have helped foreign companies and investors to invest in Spain. We stand out in legal claims in Spain arising from contracts with international companies.<\/strong><\/span>[\/vc_column_text][\/vc_tta_section][vc_tta_section title=&#8221;Labor Lawyer&#8221; tab_id=&#8221;1645182670773-87edc7ff-53ea&#8221;][vc_column_text]<strong><span style=\"color: #000000;\">Do you need a labor lawyer in Alicante to protect you from an unfair dismissal or other problem? You are not alone. Our team of experienced professionals has the knowledge and skills you are looking for, contact us.<\/span><\/strong>[\/vc_column_text][\/vc_tta_section][vc_tta_section title=&#8221;Commercial Lawyer&#8221; tab_id=&#8221;1645182735272-d1ed58fc-fa47&#8243;][vc_column_text]<span style=\"color: #000000;\">The law firm in Alicante has <strong>a great experience in commercial litigation, having provided over the years an important service to our clients not only advising them but also defending their interests<\/strong>. Our intervention in dissolutions and liquidations of companies and in insolvency proceedings is noteworthy.<\/span>[\/vc_column_text][\/vc_tta_section][vc_tta_section title=&#8221;Criminal Lawyer&#8221; tab_id=&#8221;1645182761876-61477534-81a2&#8243;][vc_column_text]<span style=\"color: #000000;\">Criminal law is one of the most sensitive areas in which a lawyer can work, as it affects essential rights such as freedom and mobility, so years of experience allow us to help in a personalized way. In the socio-economic field, <strong>our intervention in economic crimes, such as fraud, fraud, forgery, fraudulent bankruptcy, asset forfeiture, misappropriation, etc.,<\/strong> stands out.<\/span>[\/vc_column_text][\/vc_tta_section][\/vc_tta_accordion][vc_column_text css=&#8221;&#8221;]Law firm of reference in Alicante<\/p>\n<p>Law firm in Alicante Carlos Ba\u00f1o Le\u00f3n: Unique and personalised approach to each case. Our team of expert litigators designs effective defence strategies, based on maximising the chances of success in favour of your interests.<\/p>\n<p>And we do not limit ourselves to litigation: we also advise you on how to avoid initiating lawsuits with no prospect of success, thus guaranteeing the recognition and trust we have built up over time.<\/p>\n<p>We pride ourselves on the strong bond we share as a team, working together as a committed team, providing proactive solutions and eliminating risk to protect your bottom line.<\/p>\n<p>Our process begins with understanding your case in detail, to provide accurate and efficient responses to your legal needs.<\/p>\n<p>We focus on optimising resources and resolving contingencies by working closely with you to ensure the best possible outcome.<\/p>\n<p>Trust the law firm in Alicante, where your success is our priority.[\/vc_column_text][\/vc_column][\/vc_row][vc_row full_width=&#8221;stretch_row_content_no_spaces&#8221; equal_height=&#8221;yes&#8221; content_placement=&#8221;middle&#8221;][vc_column width=&#8221;1\/3&#8243; css=&#8221;.vc_custom_1534411983069{background-image: url(https:\/\/www.cbleon-abogados.com\/wp-content\/uploads\/2018\/08\/contacto_img.jpg?id=1600) !important;background-position: center !important;background-repeat: no-repeat !important;background-size: cover !important;}&#8221;][vc_empty_space height=&#8221;50em&#8221; alter_height=&#8221;none&#8221; hide_on_mobile=&#8221;&#8221;][\/vc_column][vc_column width=&#8221;1\/3&#8243; css=&#8221;.vc_custom_1496142819671{background-color: #f8f8f8 !important;}&#8221;]<div id=\"sc_background_1605170768_wrap\" class=\"sc_background_wrap\"><div id=\"sc_background_1605170768\"\n\t\t\tclass=\"sc_background sc_background_default\" style=\"color:#ffffff;top:0.5em;right:0px;left:0px;\">CBL<\/div><\/div><!-- \/.sc_background_wrap --><div id=\"sc_content_20610590\"\n\t\tclass=\"sc_content color_style_default sc_content_default sc_float_center sc_padding_medium sc_margin_small\"><h4 class=\"sc_item_title sc_content_title sc_align_center sc_item_title_style_default sc_item_title_tag\">Contacto<\/h4><h6 class=\"sc_item_subtitle sc_content_subtitle sc_align_center sc_item_title_style_default\">\t\t\t<a href=\"https:\/\/www.cbleon-abogados.com\/contacto\/\">Cont\u00e1ctenos ahora<\/a>\t\n\t<\/h6><div class=\"sc_content_container\">[vc_column_text]<\/p>\n<h4 style=\"text-align: center; margin-bottom: 0;\">Localizaci\u00f3n Carlos Ba\u00f1o Le\u00f3n Abogados<\/h4>\n<p style=\"text-align: center;\">C\/ Pintor Lorenzo Casanova, 66, 1\u00b0 A<br \/>\n03003 Alicante (Espa\u00f1a)<\/p>\n<h4 style=\"text-align: center; margin: 0 auto;\">Contacto<\/h4>\n<p style=\"text-align: center;\"><a href=\"tel:+34965921853\">+34 965 92 18 53<\/a><\/p>\n<p style=\"text-align: center;\"><a href=\"tel:+34635512123\">+34 635 51 21 23<\/a><\/p>\n<p style=\"text-align: center;\"><a href=\"mailto:mail@cbleon-abogados.com\">mail@cbleon-abogados.com<\/a><\/p>\n<p>[\/vc_column_text]<div  id=\"sc_socials_222349496\" \n\t\tclass=\"sc_socials sc_socials_default sc_align_center  vc_custom_1622201990778\"><div class=\"socials_wrap\"><a target=\"_blank\" href=\"https:\/\/twitter.com\/CBLlawyers\" class=\"social_item social_item_style_icons social_item_type_icons\" rel=\"noopener\"><span class=\"social_icon social_twitter\"><span class=\"icon-twitter\"><\/span><\/span><\/a><a target=\"_blank\" href=\"https:\/\/www.facebook.com\/CBLAbogados\" class=\"social_item social_item_style_icons social_item_type_icons\" rel=\"noopener\"><span class=\"social_icon social_facebook\"><span class=\"icon-facebook\"><\/span><\/span><\/a><\/div><!-- \/.socials_wrap --><\/div><!-- \/.sc_socials --><\/div><div class=\"sc_item_button sc_item_button_default sc_content_button sc_align_center sc_button_wrap sc_align_center\"><a href=\"https:\/\/www.cbleon-abogados.com\/contacto\/\" id=\"sc_button_1448491880\" class=\"sc_button color_style_default sc_button_default sc_button_size_normal sc_button_icon_left\"><span class=\"sc_button_text\"><span class=\"sc_button_title\">Formulario de Contacto<span class=\"trx_addons_icon-arrow\"><\/span><\/span><\/span><!-- \/.sc_button_text --><\/a><!-- \/.sc_button --><\/div><!-- \/.sc_item_button sc_item_button_default sc_content_button sc_align_center --><\/div><!-- \/.sc_content -->[\/vc_column][vc_column width=&#8221;1\/3&#8243;][vc_column_text]<\/p>\n<p style=\"text-align: center;\"><strong>Carlos Ba\u00f1o Le\u00f3n Abogados en Alicante<\/strong><\/p>\n<p>[\/vc_column_text][vc_gmaps link=&#8221;#E-8_JTNDaWZyYW1lJTIwc3JjJTNEJTIyaHR0cHMlM0ElMkYlMkZ3d3cuZ29vZ2xlLmNvbSUyRm1hcHMlMkZlbWJlZCUzRnBiJTNEJTIxMW0xOCUyMTFtMTIlMjExbTMlMjExZDMxMjkuMzY0NDYxODMxODU1NCUyMTJkLTAuNDk1NjIwNzg0NzA3MzQ1MDUlMjEzZDM4LjM0MDU0NTY3OTY2MDM2NiUyMTJtMyUyMTFmMCUyMTJmMCUyMTNmMCUyMTNtMiUyMTFpMTAyNCUyMTJpNzY4JTIxNGYxMy4xJTIxM20zJTIxMW0yJTIxMXMweGQ2MjM2NDk2N2MwNzBjOSUyNTNBMHhiOWNiYmVhYTdkMjExNjg1JTIxMnNDYXJsb3MlMjUyMEJhJTI1QzMlMjVCMW8lMjUyMExlJTI1QzMlMjVCM24lMjUyMEFib2dhZG9zJTI1MjAtJTI1MjBBYm9nYWRvJTI1MjBBbGljYW50ZSUyNTIwLSUyNTIwTGF3eWVyJTI1MjBBbGljYW50ZSUyNTIwLSUyNTIwQWR2b2NhYXQlMjUyMEFsaWNhbnRlJTI1MjAtJTI1MjBBZHZvY2F0ZW4lMjUyMEFsaWNhbnRlJTIxNWUwJTIxM20yJTIxMXNlcyUyMTJzZXMlMjE0djE2MDA0MjI1MjE2MTglMjE1bTIlMjExc2VzJTIxMnNlcyUyMiUyMHdpZHRoJTNEJTIyODAwJTIyJTIwaGVpZ2h0JTNEJTIyNjAwJTIyJTIwZnJhbWVib3JkZXIlM0QlMjIwJTIyJTIwc3R5bGUlM0QlMjJib3JkZXIlM0EwJTNCJTIyJTIwYWxsb3dmdWxsc2NyZWVuJTNEJTIyJTIyJTIwYXJpYS1oaWRkZW4lM0QlMjJmYWxzZSUyMiUyMHRhYmluZGV4JTNEJTIyMCUyMiUzRSUzQyUyRmlmcmFtZSUzRQ==&#8221;][\/vc_column][\/vc_row]<\/p>\n<\/div>","protected":false},"excerpt":{"rendered":"<p>[vc_row full_width=&#8221;stretch_row_content_no_spaces&#8221;][vc_column][vc_column_text css=&#8221;.vc_custom_1715072987713{margin-top: 20px !important;}&#8221;] Lawyer in Alicante : Carlos Ba\u00f1o Le\u00f3n [\/vc_column_text][vc_column_text css=&#8221;&#8221;] Law firm in Alicante with more than 40 years of experience. [\/vc_column_text][\/vc_column][\/vc_row][vc_row][vc_column][vc_single_image image=&#8221;17910&#8243; img_size=&#8221;full&#8221;][vc_column_text css=&#8221;&#8221;]LAWYER IN ALICANTE Carlos Ba\u00f1o Le\u00f3n, Lawyers in Alicante: Your reliable law firm in Alicante since 1984. Multidisciplinary experts at your service throughout Spain. We pride ourselves on our vast experience in&hellip;<\/p>\n","protected":false},"author":7,"featured_media":32042,"parent":0,"menu_order":0,"comment_status":"closed","ping_status":"closed","template":"","meta":{"_acf_changed":false,"_joinchat":[],"footnotes":""},"class_list":["post-9618","page","type-page","status-publish","has-post-thumbnail","hentry"],"acf":[],"_links":{"self":[{"href":"https:\/\/cbleon-abogados.com\/en\/wp-json\/wp\/v2\/pages\/9618","targetHints":{"allow":["GET"]}}],"collection":[{"href":"https:\/\/cbleon-abogados.com\/en\/wp-json\/wp\/v2\/pages"}],"about":[{"href":"https:\/\/cbleon-abogados.com\/en\/wp-json\/wp\/v2\/types\/page"}],"author":[{"embeddable":true,"href":"https:\/\/cbleon-abogados.com\/en\/wp-json\/wp\/v2\/users\/7"}],"replies":[{"embeddable":true,"href":"https:\/\/cbleon-abogados.com\/en\/wp-json\/wp\/v2\/comments?post=9618"}],"version-history":[{"count":0,"href":"https:\/\/cbleon-abogados.com\/en\/wp-json\/wp\/v2\/pages\/9618\/revisions"}],"wp:featuredmedia":[{"embeddable":true,"href":"https:\/\/cbleon-abogados.com\/en\/wp-json\/wp\/v2\/media\/32042"}],"wp:attachment":[{"href":"https:\/\/cbleon-abogados.com\/en\/wp-json\/wp\/v2\/media?parent=9618"}],"curies":[{"name":"wp","href":"https:\/\/api.w.org\/{rel}","templated":true}]}}