{"id":29818,"date":"2019-02-07T09:59:24","date_gmt":"2019-02-07T09:59:24","guid":{"rendered":"https:\/\/www.cbleon-abogados.com\/?page_id=29818"},"modified":"2024-05-21T10:17:10","modified_gmt":"2024-05-21T08:17:10","slug":"carlos-bano-leon","status":"publish","type":"page","link":"https:\/\/cbleon-abogados.com\/en\/carlos-bano-leon\/","title":{"rendered":"Carlos Ba\u00f1o Lawyer"},"content":{"rendered":"<div class=\"wpb-content-wrapper\"><p>[vc_row][vc_column][vc_empty_space height=&#8221;8.6em&#8221; alter_height=&#8221;none&#8221; hide_on_mobile=&#8221;&#8221;][\/vc_column][vc_column width=&#8221;1\/2&#8243;][vc_single_image image=&#8221;17908&#8243; img_size=&#8221;full&#8221;][vc_empty_space height=&#8221;4em&#8221; alter_height=&#8221;none&#8221; hide_on_mobile=&#8221;&#8221;][\/vc_column][vc_column width=&#8221;1\/2&#8243;][vc_column_text css=&#8221;&#8221;]<\/p>\n<h2><span style=\"color: #000000;\"><strong>\u00a0Carlos Ba\u00f1o Le\u00f3n<\/strong><\/span><\/h2>\n<p><span class=\"trx_addons_dropcap trx_addons_dropcap_style_1\" style=\"color: #000000;\">C<\/span><\/p>\n<p><span style=\"color: #000000;\">arlos Ba\u00f1o Le\u00f3n, <a title=\"Lawyers in Alicante\" href=\"https:\/\/www.cblspanishlawyers.com\" target=\"_blank\" rel=\"noopener\">Lawyers in Alicante<\/a>, with more than 40 years in active, based in the city of Alicante, fifth province in the national ranking, in terms of GDP and with a very important weight in real estate, tourism and commercial activities, develops its activity standing out in real estate and services sectors, not only in the framework of cross-border relations but also in the strictly national area.<\/span><\/p>\n<p><span style=\"color: #000000;\">To say Alicante, that is to say Benidorm, La Nucia, Torrevieja, Rojales, Orihuela, Calpe, Altea, Denia, etcetera, very near all these localities of Alicante and in which <strong>this law firm of Alicante,<\/strong> <strong>Carlos Ba\u00f1o Le\u00f3n,<\/strong> develop their activity given the proximity.<\/span><\/p>\n<p><span style=\"color: #000000;\">Due to the great importance of tourism, construction and service sectors, driving force of Alicante\u2019s economy, for many years the law firm of Carlos Ba\u00f1o Le\u00f3n also works in with clients of different nationalities who are interested in investing in Spain, often in the real estate sector.<\/span><\/p>\n<p><span style=\"color: #000000;\">This contact with the international stage makes Alicante Lawyers Carlos Ba\u00f1o Le\u00f3n an office requested when drafting contracts of international nature very frequent in the province of Alicante, not only because of the tourist importance of the province but also because of the importance of existing services in the province, which leads to a significant volume of cross-border business.<\/span>[\/vc_column_text][\/vc_column][\/vc_row][vc_row][vc_column][vc_column_text css=&#8221;&#8221;]<span style=\"color: #000000;\">Our activity as real estate lawyers is remarkable and a good example of this can be found in the pages of this website, where our judicial and extrajudicial activity in matters of real estate law.<\/span><\/p>\n<p><a title=\"Google Maps\" href=\"https:\/\/maps.app.goo.gl\/GJoWKtJd2GXgffDA8?g_st=ic\" target=\"_blank\" rel=\"noopener\">Search us in Google Maps<\/a><\/p>\n<p><span style=\"color: #000000;\">The result of our work is the experience we offer to our clients, especially in real estate and debt claims, contractual and criminal claims, without forgetting the important specialty in International Law and Commercial Law.<\/span><\/p>\n<p><span style=\"color: #000000;\"><strong>Alicante Lawyers of <\/strong>Carlos Ba\u00f1o Le\u00f3n, is a law firm and member of the prestigious international association World Jurist Association.<\/span><\/p>\n<p><span style=\"color: #000000;\">Check what we say about our numerous articles, the result of many days of work and a very important judicial activity.<\/span><\/p>\n<p><span style=\"color: #000000;\">Don\u2019t lose sight of the rest of Carlos Ba\u00f1o Le\u00f3n\u2019s specialties, <strong>lawyers of Alicante<\/strong>, highlighting Civil Law, Criminal Law, Commercial and International Law.<\/span><\/p>\n<p><span style=\"color: #000000;\">We are convinced that we can help you in the best economic and professional conditions.<\/span><\/p>\n<h3><span style=\"color: #000000;\"><strong>Why trust Carlos Ba\u00f1o Le\u00f3n Law Firm in Alicante?<\/strong><\/span><\/h3>\n<p><span style=\"color: #000000;\"><img loading=\"lazy\" decoding=\"async\" class=\"aligncenter wp-image-29795 size-full\" src=\"https:\/\/www.cblspanishlawyers.com\/wp-content\/uploads\/\/2019\/02\/abogados-en-alicante.jpg\" alt=\"Lawyers of Alicante\" width=\"800\" height=\"533\" srcset=\"https:\/\/cbleon-abogados.com\/wp-content\/uploads\/2019\/02\/abogados-en-alicante.jpg 800w, https:\/\/cbleon-abogados.com\/wp-content\/uploads\/2019\/02\/abogados-en-alicante-300x200.jpg 300w, https:\/\/cbleon-abogados.com\/wp-content\/uploads\/2019\/02\/abogados-en-alicante-768x512.jpg 768w, https:\/\/cbleon-abogados.com\/wp-content\/uploads\/2019\/02\/abogados-en-alicante-370x247.jpg 370w, https:\/\/cbleon-abogados.com\/wp-content\/uploads\/2019\/02\/abogados-en-alicante-760x506.jpg 760w\" sizes=\"auto, (max-width: 800px) 100vw, 800px\" \/><\/span><\/p>\n<p><span style=\"color: #000000;\">Carlos Ba\u00f1o Le\u00f3n <strong>Law Firm <\/strong>has been practicing law for 36 years in Alicante and also throughout Spain where our professionals work.<\/span><\/p>\n<p><span style=\"color: #000000;\">Without any shame or false modesty we say that if you hire our services you will be satisfied although it must be recognized that this in the field of justice provided by the Courts and Tribunals is not often shared.<\/span><\/p>\n<p><span style=\"color: #000000;\">It is clear that to go to the Justice that the Courts and Tribunals impart is to go with the intention of obtaining a result always beneficial that sometimes is not obtained.<\/span><\/p>\n<p><span style=\"color: #000000;\">Law is not an exact science, but it is possible to demand of the professional to whom you resort a minimum of requirements, such as seriousness, professionalism, honesty, sincerity and of course a commitment of confidentiality with the personal data or with the information of the client.<\/span><\/p>\n<p><span style=\"color: #000000;\">And here we do bet high on our customers.<\/span><\/p>\n<h3><span style=\"color: #000000;\"><strong>What makes Carlos Ba\u00f1o Leon Lawyers in Alicante different?<\/strong><\/span><\/h3>\n<p><span style=\"color: #000000;\"><img loading=\"lazy\" decoding=\"async\" class=\"alignright wp-image-29824\" src=\"https:\/\/www.cblspanishlawyers.com\/wp-content\/uploads\/\/2019\/02\/abogados-en-benidorm.jpg\" alt=\"Lawyers of Alicante\" width=\"500\" height=\"333\" srcset=\"https:\/\/cbleon-abogados.com\/wp-content\/uploads\/2019\/02\/abogados-en-benidorm.jpg 800w, https:\/\/cbleon-abogados.com\/wp-content\/uploads\/2019\/02\/abogados-en-benidorm-300x200.jpg 300w, https:\/\/cbleon-abogados.com\/wp-content\/uploads\/2019\/02\/abogados-en-benidorm-768x512.jpg 768w, https:\/\/cbleon-abogados.com\/wp-content\/uploads\/2019\/02\/abogados-en-benidorm-370x247.jpg 370w, https:\/\/cbleon-abogados.com\/wp-content\/uploads\/2019\/02\/abogados-en-benidorm-760x506.jpg 760w\" sizes=\"auto, (max-width: 500px) 100vw, 500px\" \/>The full dedication and all of those who are part of this <strong>law firm in Alicante is not only credited by our extensive working hours from 8 to 19 h from Monday to Friday<\/strong> but by the chat on our page where every day we try to give solutions to raising doubts and through which we guide the client previously to treat their case in more detail with the office.<\/span><\/p>\n<p><span style=\"color: #000000;\">The treatment in the four languages of this office (Spanish, English, German and Dutch) that our staff provides guarantees the continuous customer support without any problem as it is frequently the case with languages.<\/span><\/p>\n<p><span style=\"color: #000000;\">The use of these languages facilitates the almost instant translation of the documentation that is delivered to us and not only is that the clients orally or in writing communicates without problem in their language but we always translate all their documentation even to go to the Courts and Tribunals which greatly reduces the cost for our clients.<\/span><\/p>\n<p><span style=\"color: #000000;\">Before the client can decide what to do, we always issue a report to our clients free of charge, so that we expressly deal with their case in writing and give them our advice and opinion at no cost, which greatly facilitates the clients make their decision by their own will.<\/span><\/p>\n<p><span style=\"color: #000000;\">You will find always in our lawyers willing to go wherever you have your problem since we understand that it is often essential for the proposal of a legal claim to go there, to the scene of the events, because it provides a clear understanding of the case, and this happens with claims that are connected to a physical reality of a real estate, land or any property.<\/span><\/p>\n<p><span style=\"color: #000000;\">We normally meet with clients and whenever it is possible, because we also like to be known personally and don\u2019t have the slightest inconvenience to go where the client needs.<\/span><\/p>\n<p><span style=\"color: #000000;\">We attend the client as many times as he comes to our office and we attend without any delay their mail and phone calls.<\/span><\/p>\n<p><span style=\"color: #000000;\">We try to keep the clients up to date with their case, for which we commit to follow up constantly their case in court.<\/span><\/p>\n<p>&nbsp;<\/p>\n<h3><span style=\"color: #000000;\"><strong>What do you hire when you contact Carlos Ba\u00f1o Le\u00f3n Lawyers in Alicante?<\/strong><\/span><\/h3>\n<p><span style=\"color: #000000;\">In the exercise of our professional activity our work is inspired by the principles, rights and obligations established by our ethical rules.<\/span><\/p>\n<p><span style=\"color: #000000;\">The owner of the office, Mr. Carlos Ba\u00f1o Le\u00f3n, lawyer of Alicante, belongs to the Illustrious <em>Colegio de Abogados of Alicante <\/em>(\u2018Bar Association\u2019 in the province) since 1982.<\/span><\/p>\n<p><span style=\"color: #000000;\">We assume the ideology of the Declaration of Human Rights and of the World Jurist Association, among others, apart from the Ethical Rules in force in Spain and that govern our professional performance, trying in the exercise of our activity that the truth and honesty prevail and that it is not only the defense of the rights and interests of our clients our only goal and objective.<\/span><\/p>\n<h3><span style=\"color: #000000;\"><strong>What will I be charged for services?<\/strong><\/span><\/h3>\n<p><span style=\"color: #000000;\">Carlos Ba\u00f1o Le\u00f3n <strong>Lawyers of Alicante<\/strong> has a policy of very affordable prices where we try to asses to the maximum a price that is ideally close to the importance of the case and its complexity and amount with the personal economic circumstances of the client.<\/span><\/p>\n<p><span style=\"color: #000000;\">We make detailed, adjusted and closed budgets, for our services and what is very important, we facilitate the payment on the part of the client.<\/span><\/p>\n<p><span style=\"color: #000000;\">You do not have to worry if you are not in Alicante and if your case corresponds to a Court in a different city or province in Spain, since it will never vary our prices.<\/span><\/p>\n<p><span style=\"color: #000000;\">Sometimes we are asked if the fact of not being in the same city of the client would suppose somehow or other way, either clearly or in a concealed form, an increase of the prices to which we always respond in the same way.<\/span><\/p>\n<p><span style=\"color: #000000;\">There are never differences. Carlos Ba\u00f1o Leon Lawyers in Alicante always charge the same price for all the country.<\/span><\/p>\n<p><span style=\"color: #000000;\">It is well known that the Guiding Rules Fees that have regulated the lawyers\u2019 fees policy in Spain for so many years are no longer in force.<\/span><\/p>\n<p><span style=\"color: #000000;\">Nowadays, the legal profession is not a different case from the rest of the free professional activities that lack rules regulating fees because free competition is in force in the market and always for the benefit of the consumer, hence that in this matter the contractual freedom of fee agreement governs.<\/span><\/p>\n<p><span style=\"color: #000000;\">Carlos Ba\u00f1o Leon law firm always will pass you a previous budget with very great prices and a high quality in the provision of its services.<\/span><\/p>\n<p>[\/vc_column_text][vc_gmaps link=&#8221;#E-8_JTNDaWZyYW1lJTIwc3JjJTNEJTIyaHR0cHMlM0ElMkYlMkZ3d3cuZ29vZ2xlLmNvbSUyRm1hcHMlMkZlbWJlZCUzRnBiJTNEJTIxMW0xOCUyMTFtMTIlMjExbTMlMjExZDI2MTIuNTM1ODc5NTE1NDIzJTIxMmQtMC40OTQ3OTUyMjE0ODYxNzg1NSUyMTNkMzguMzQwNjU1Mzc1NjYzMzglMjEybTMlMjExZjAlMjEyZjAlMjEzZjAlMjEzbTIlMjExaTEwMjQlMjEyaTc2OCUyMTRmMTMuMSUyMTNtMyUyMTFtMiUyMTFzMHhkNjIzNjQ5NjdjMDcwYzklMjUzQTB4YjljYmJlYWE3ZDIxMTY4NSUyMTJ6UTJGeWJHOXpJRUpodzdGdklFeGx3N051JTIxNWUwJTIxM20yJTIxMXNlcyUyMTJzZXMlMjE0djE1NDk5NzQyODkwNTYlMjIlMjB3aWR0aCUzRCUyMjYwMCUyMiUyMGhlaWdodCUzRCUyMjQ1MCUyMiUyMGZyYW1lYm9yZGVyJTNEJTIyMCUyMiUyMHN0eWxlJTNEJTIyYm9yZGVyJTNBMCUyMiUyMGFsbG93ZnVsbHNjcmVlbiUzRSUzQyUyRmlmcmFtZSUzRQ==&#8221;][\/vc_column][\/vc_row][vc_row full_width=&#8221;stretch_row_content_no_spaces&#8221;][vc_column][vc_single_image image=&#8221;17910&#8243; img_size=&#8221;full&#8221;][\/vc_column][\/vc_row][vc_row full_width=&#8221;stretch_row_content_no_spaces&#8221;][vc_column width=&#8221;1\/2&#8243;][vc_single_image image=&#8221;17911&#8243; img_size=&#8221;full&#8221;][\/vc_column][vc_column width=&#8221;1\/2&#8243;][vc_single_image image=&#8221;17912&#8243; img_size=&#8221;full&#8221;][\/vc_column][\/vc_row][vc_row full_width=&#8221;stretch_row_content_no_spaces&#8221; scheme=&#8221;dark&#8221; css=&#8221;.vc_custom_1534497107879{margin-right: 0px !important;margin-left: 0px !important;background-image: url(https:\/\/www.cbleon-abogados.com\/wp-content\/uploads\/2018\/08\/calltoaction_bg2.jpg?id=1645) !important;background-position: center !important;background-repeat: no-repeat !important;background-size: cover !important;}&#8221;][vc_column width=&#8221;1\/12&#8243;][\/vc_column][vc_column width=&#8221;5\/6&#8243;][vc_empty_space height=&#8221;6.6em&#8221; alter_height=&#8221;none&#8221; hide_on_mobile=&#8221;&#8221;]<div id=\"sc_title_175031847\"\n\t\tclass=\"sc_title color_style_default sc_title_default\"><h3 class=\"sc_item_title sc_title_title sc_align_center sc_item_title_style_default\">FIRST CONSULTATION IS FREE<\/h3><\/div><!-- \/.sc_title -->[vc_column_text]<\/p>\n<p style=\"text-align: center; color: #fff;\">Call us now without any obligation<\/p>\n<p>[\/vc_column_text][vc_empty_space height=&#8221;2.8em&#8221; alter_height=&#8221;none&#8221; hide_on_mobile=&#8221;&#8221;]<div class=\"sc_item_button sc_button_wrap sc_align_center\"><a href=\"tel:+34965921853\" id=\"sc_button_182322389\" class=\"sc_button color_style_default sc_button_default sc_button_size_normal sc_button_icon_left\"><span class=\"sc_button_text\"><span class=\"sc_button_title\">Call now<span class=\"trx_addons_icon-arrow\"><\/span><\/span><\/span><!-- \/.sc_button_text --><\/a><!-- \/.sc_button --><\/div><!-- \/.sc_item_button -->[vc_empty_space height=&#8221;6em&#8221; alter_height=&#8221;none&#8221; hide_on_mobile=&#8221;&#8221;][\/vc_column][vc_column width=&#8221;1\/12&#8243;][\/vc_column][\/vc_row]<\/p>\n<\/div>","protected":false},"excerpt":{"rendered":"<p>[vc_row][vc_column][vc_empty_space height=&#8221;8.6em&#8221; alter_height=&#8221;none&#8221; hide_on_mobile=&#8221;&#8221;][\/vc_column][vc_column width=&#8221;1\/2&#8243;][vc_single_image image=&#8221;17908&#8243; img_size=&#8221;full&#8221;][vc_empty_space height=&#8221;4em&#8221; alter_height=&#8221;none&#8221; hide_on_mobile=&#8221;&#8221;][\/vc_column][vc_column width=&#8221;1\/2&#8243;][vc_column_text css=&#8221;&#8221;] \u00a0Carlos Ba\u00f1o Le\u00f3n C arlos Ba\u00f1o Le\u00f3n, Lawyers in Alicante, with more than 40 years in active, based in the city of Alicante, fifth province in the national ranking, in terms of GDP and with a very important weight in real estate, tourism and commercial activities, develops its&hellip;<\/p>\n","protected":false},"author":5,"featured_media":0,"parent":0,"menu_order":0,"comment_status":"closed","ping_status":"closed","template":"","meta":{"_acf_changed":false,"_joinchat":[],"footnotes":""},"class_list":["post-29818","page","type-page","status-publish","hentry"],"acf":[],"_links":{"self":[{"href":"https:\/\/cbleon-abogados.com\/en\/wp-json\/wp\/v2\/pages\/29818","targetHints":{"allow":["GET"]}}],"collection":[{"href":"https:\/\/cbleon-abogados.com\/en\/wp-json\/wp\/v2\/pages"}],"about":[{"href":"https:\/\/cbleon-abogados.com\/en\/wp-json\/wp\/v2\/types\/page"}],"author":[{"embeddable":true,"href":"https:\/\/cbleon-abogados.com\/en\/wp-json\/wp\/v2\/users\/5"}],"replies":[{"embeddable":true,"href":"https:\/\/cbleon-abogados.com\/en\/wp-json\/wp\/v2\/comments?post=29818"}],"version-history":[{"count":0,"href":"https:\/\/cbleon-abogados.com\/en\/wp-json\/wp\/v2\/pages\/29818\/revisions"}],"wp:attachment":[{"href":"https:\/\/cbleon-abogados.com\/en\/wp-json\/wp\/v2\/media?parent=29818"}],"curies":[{"name":"wp","href":"https:\/\/api.w.org\/{rel}","templated":true}]}}