{"id":17415,"date":"2018-10-15T10:18:19","date_gmt":"2018-10-15T10:18:19","guid":{"rendered":"https:\/\/www.cbleon-abogados.com\/?page_id=17415"},"modified":"2024-05-21T10:29:06","modified_gmt":"2024-05-21T08:29:06","slug":"team-lawyers","status":"publish","type":"page","link":"https:\/\/cbleon-abogados.com\/en\/team-lawyers\/","title":{"rendered":"Team"},"content":{"rendered":"<div class=\"wpb-content-wrapper\"><p>[vc_row][vc_column][vc_empty_space height=&#8221;8.6em&#8221; alter_height=&#8221;none&#8221; hide_on_mobile=&#8221;&#8221;][\/vc_column][vc_column width=&#8221;1\/2&#8243;][vc_single_image image=&#8221;17908&#8243; img_size=&#8221;full&#8221;][vc_empty_space height=&#8221;4em&#8221; alter_height=&#8221;none&#8221; hide_on_mobile=&#8221;&#8221;][\/vc_column][vc_column width=&#8221;1\/2&#8243;][vc_column_text css=&#8221;&#8221;]<\/p>\n<h2 style=\"margin-bottom: 0.4em;\"><strong>Team Carlos Ba\u00f1o Le\u00f3n<\/strong><strong>\u00a0LAWYERS<\/strong><\/h2>\n<p><span class=\"trx_addons_dropcap trx_addons_dropcap_style_1\">T<\/span><\/p>\n<p style=\"text-align: justify;\"><span style=\"color: #000000;\">his <a title=\"Law Firm in Alicante\" href=\"https:\/\/www.cblspanishlawyers.com\" target=\"_blank\" rel=\"noopener\"><strong>Law Firm in Alicante<\/strong><\/a>, was founded in 1984 by Mr. Carlos Ba\u00f1o Le\u00f3n, lawyer graduated from the Faculty of Law of Valencia in the year 1982.<\/span><\/p>\n<p style=\"text-align: justify;\"><span style=\"color: #000000;\">The first years of activity of <strong>Carlos Ba\u00f1o Leon lawyers in Alicante<\/strong> were in <a style=\"color: #000000;\" href=\"https:\/\/www.cblspanishlawyers.com\/labour-law-spain\/\" target=\"_blank\" rel=\"noopener\">Labour Law<\/a> and <a style=\"color: #000000;\" href=\"https:\/\/www.cblspanishlawyers.com\/counseling-in-civil-law-spain\/\" target=\"_blank\" rel=\"noopener\">Civil Law,<\/a> with such an important relevance that legal advice from important institutions in Alicante was soon contracted, as well as the legal advice of important companies.<\/span><\/p>\n<p style=\"text-align: justify;\"><span style=\"color: #000000;\">The deepening of the knowledge that was acquired by this <strong>law firm of Alicante<\/strong> made its competence extend to areas such as advising in matters of Real estate investment and legal claims in Spain, <a style=\"color: #000000;\" href=\"https:\/\/www.cblspanishlawyers.com\/criminal-law-spain\/\" target=\"_blank\" rel=\"noopener\">Criminal Law,<\/a> <a style=\"color: #000000;\" href=\"https:\/\/www.cblspanishlawyers.com\/business-law-spain\/\" target=\"_blank\" rel=\"noopener\">Commercial<\/a> and International Law, supported by an increasingly greater number of foreign clients that <strong>trusted Carlos Ba\u00f1o Le\u00f3n lawyers of Alicante.<\/strong><\/span><\/p>\n<p style=\"text-align: justify;\"><span style=\"color: #000000;\">We have extensive experience in various specialties of law, especially in <a style=\"color: #000000;\" href=\"https:\/\/www.cblspanishlawyers.com\/advice-on-real-estate-law-and-construction\/\" target=\"_blank\" rel=\"noopener\"><strong>Real Estate Law, Construction or Building Law<\/strong><\/a>,<strong><a href=\"https:\/\/www.cblspanishlawyers.com\/services\/commercial-debt-collection\/\" target=\"_blank\" rel=\"noopener\"> Debt Collection<\/a>, Mortgage Law;<\/strong><a style=\"color: #000000;\" href=\"https:\/\/www.cblspanishlawyers.com\/services\/tort-law-damages-and-injuries\/\" target=\"_blank\" rel=\"noopener\"><strong> Tort Law<\/strong><\/a><strong>; Obligations and Contracts, <\/strong><a style=\"color: #000000;\" href=\"https:\/\/www.cblspanishlawyers.com\/international-trade\/\" target=\"_blank\" rel=\"noopener\"><strong>International Trade,<\/strong><\/a> <a style=\"color: #000000;\" href=\"https:\/\/www.cblspanishlawyers.com\/counseling-in-civil-law-spain\/\" target=\"_blank\" rel=\"noopener\"><strong>Civil Law,<\/strong><\/a> <a style=\"color: #000000;\" href=\"https:\/\/www.cblspanishlawyers.com\/business-law-spain\/\" target=\"_blank\" rel=\"noopener\"><strong>Commercial<\/strong><\/a><strong> and <\/strong><a style=\"color: #000000;\" href=\"https:\/\/www.cblspanishlawyers.com\/criminal-law-spain\/\" target=\"_blank\" rel=\"noopener\"><strong>Criminal law<\/strong><\/a>. Many clients, both companies and individuals, have relied on the services provided by this <strong>law office<\/strong>, whose main lines of action are inspired by professionalism and respect for professional ethics.<\/span><\/p>\n<p><span style=\"color: #000000;\"><strong>Carlos Ba\u00f1o Leon <\/strong>has<\/span> a team of lawyers in Alicante professionally prepared to provide the best service, which is demonstrated by the high number of cases attended\u00a0 and the high success rate obtained.<\/p>\n<p style=\"text-align: justify;\"><span style=\"color: #000000;\">We also have extensive experience in economic claims, helping our clients to solve their defaulting problems very effectively.<\/span><\/p>\n<p style=\"text-align: justify;\"><span style=\"color: #000000;\"><strong>This law firm <\/strong>it is located in the heart of the city and consists of a team of highly qualified professionals, and it has extensive experience in both judicial and extrajudicial areas.<\/span><\/p>\n<p style=\"text-align: justify;\"><span style=\"color: #000000;\">Our support staff has university education in languages (Dutch, English, German and Spanish) and long experience in the use of office automation.<\/span><\/p>\n<p style=\"text-align: justify;\"><span style=\"color: #000000;\">Despite our <a style=\"color: #000000;\" href=\"https:\/\/www.cblspanishlawyers.com\/contact-spanish-lawyer\/\" target=\"_blank\" rel=\"noopener\">location in Alicante,<\/a> for many years our <strong>lawyers of Alicante <\/strong>have worked in all the Courts and Tribunals of Spain, not being any setback the fact of having to assist our clients outside of Alicante and not meaning this a higher cost for the client.<\/span><\/p>\n<p style=\"text-align: justify;\"><span style=\"color: #000000;\">We know that each client and each issue deserve personalized attention and for this reason our <strong>law firm in Alicante<\/strong> offer a free consultation service so that they can contact our team of <strong>lawyers<\/strong> at any time.<\/span><\/p>\n<p style=\"text-align: justify;\"><span style=\"color: #000000;\">It would be a mistake to dedicate this introductory page to detail the services provided by our <strong>lawyers <\/strong>and you could verify these in detail if you continue reading our page, and more specifically you could find them in the services section, where we have tried to describe in a more detailed way the activity we carry out.<\/span><\/p>\n<p style=\"text-align: justify;\"><span style=\"color: #000000;\">You could examine the cases that have been managed by this office and articles on matters of your interest on our website.<\/span><\/p>\n<p style=\"text-align: justify;\"><span style=\"color: #000000;\">The owner of this experienced <strong>law firm<\/strong>, <strong>Mr. Carlos Ba\u00f1o Le\u00f3n<\/strong>, <strong>lawyer in Alicante<\/strong>, wants you to be satisfied by entering and browsing our website with the intention that you can familiarize yourself with the Spanish legal and judicial reality and if from its reading you can find solutions or answers to your questions we will have met our goal.<\/span><\/p>\n<p style=\"text-align: justify;\"><span style=\"color: #000000;\">Do not hesitate to contact us!<\/span><\/p>\n<p>[\/vc_column_text][vc_empty_space height=&#8221;3.7em&#8221; alter_height=&#8221;none&#8221; hide_on_mobile=&#8221;&#8221;][vc_column_text]<\/p>\n<h4 style=\"margin-bottom: 0.6em;\">Contact us now without any obligation<\/h4>\n<p><dfn>Call us: <span style=\"color: #336799;\"><a href=\"tel:+34965921853\">+34 965 92 18 53<\/a><\/span><br \/>\nWrite us: <span style=\"color: #336799;\"><a href=\"mailto:+34965921853\">mail@cbleon-abogados.com<\/a><\/span><\/dfn>[\/vc_column_text][vc_empty_space height=&#8221;5.5em&#8221; alter_height=&#8221;none&#8221; hide_on_mobile=&#8221;&#8221;][\/vc_column][\/vc_row][vc_row full_width=&#8221;stretch_row_content_no_spaces&#8221;][vc_column][vc_single_image image=&#8221;17910&#8243; img_size=&#8221;full&#8221;][\/vc_column][\/vc_row][vc_row full_width=&#8221;stretch_row_content_no_spaces&#8221;][vc_column width=&#8221;1\/2&#8243;][vc_single_image image=&#8221;17911&#8243; img_size=&#8221;full&#8221;][\/vc_column][vc_column width=&#8221;1\/2&#8243;][vc_single_image image=&#8221;17912&#8243; img_size=&#8221;full&#8221;][\/vc_column][\/vc_row][vc_row full_width=&#8221;stretch_row_content_no_spaces&#8221; scheme=&#8221;dark&#8221; css=&#8221;.vc_custom_1534497107879{margin-right: 0px !important;margin-left: 0px !important;background-image: url(https:\/\/www.cbleon-abogados.com\/wp-content\/uploads\/2018\/08\/calltoaction_bg2.jpg?id=1645) !important;background-position: center !important;background-repeat: no-repeat !important;background-size: cover !important;}&#8221;][vc_column width=&#8221;1\/12&#8243;][\/vc_column][vc_column width=&#8221;5\/6&#8243;][vc_empty_space height=&#8221;6.6em&#8221; alter_height=&#8221;none&#8221; hide_on_mobile=&#8221;&#8221;]<div id=\"sc_title_1800693206\"\n\t\tclass=\"sc_title color_style_default sc_title_default\"><h3 class=\"sc_item_title sc_title_title sc_align_center sc_item_title_style_default\">FIRST CONSULTATION IS FREE<\/h3><\/div><!-- \/.sc_title -->[vc_column_text]<\/p>\n<p style=\"text-align: center; color: #fff;\">Call us now without any obligation<\/p>\n<p>[\/vc_column_text][vc_empty_space height=&#8221;2.8em&#8221; alter_height=&#8221;none&#8221; hide_on_mobile=&#8221;&#8221;]<div class=\"sc_item_button sc_button_wrap sc_align_center\"><a href=\"tel:+34965921853\" id=\"sc_button_953596788\" class=\"sc_button color_style_default sc_button_default sc_button_size_normal sc_button_icon_left\"><span class=\"sc_button_text\"><span class=\"sc_button_title\">Call now<span class=\"trx_addons_icon-arrow\"><\/span><\/span><\/span><!-- \/.sc_button_text --><\/a><!-- \/.sc_button --><\/div><!-- \/.sc_item_button -->[vc_empty_space height=&#8221;6em&#8221; alter_height=&#8221;none&#8221; hide_on_mobile=&#8221;&#8221;][\/vc_column][vc_column width=&#8221;1\/12&#8243;][\/vc_column][\/vc_row]<\/p>\n<\/div>","protected":false},"excerpt":{"rendered":"<p>[vc_row][vc_column][vc_empty_space height=&#8221;8.6em&#8221; alter_height=&#8221;none&#8221; hide_on_mobile=&#8221;&#8221;][\/vc_column][vc_column width=&#8221;1\/2&#8243;][vc_single_image image=&#8221;17908&#8243; img_size=&#8221;full&#8221;][vc_empty_space height=&#8221;4em&#8221; alter_height=&#8221;none&#8221; hide_on_mobile=&#8221;&#8221;][\/vc_column][vc_column width=&#8221;1\/2&#8243;][vc_column_text css=&#8221;&#8221;] Team Carlos Ba\u00f1o Le\u00f3n\u00a0LAWYERS T his Law Firm in Alicante, was founded in 1984 by Mr. Carlos Ba\u00f1o Le\u00f3n, lawyer graduated from the Faculty of Law of Valencia in the year 1982. The first years of activity of Carlos Ba\u00f1o Leon lawyers in Alicante were in Labour Law&hellip;<\/p>\n","protected":false},"author":7,"featured_media":0,"parent":0,"menu_order":0,"comment_status":"closed","ping_status":"closed","template":"","meta":{"_acf_changed":false,"_joinchat":[],"footnotes":""},"class_list":["post-17415","page","type-page","status-publish","hentry"],"acf":[],"_links":{"self":[{"href":"https:\/\/cbleon-abogados.com\/en\/wp-json\/wp\/v2\/pages\/17415","targetHints":{"allow":["GET"]}}],"collection":[{"href":"https:\/\/cbleon-abogados.com\/en\/wp-json\/wp\/v2\/pages"}],"about":[{"href":"https:\/\/cbleon-abogados.com\/en\/wp-json\/wp\/v2\/types\/page"}],"author":[{"embeddable":true,"href":"https:\/\/cbleon-abogados.com\/en\/wp-json\/wp\/v2\/users\/7"}],"replies":[{"embeddable":true,"href":"https:\/\/cbleon-abogados.com\/en\/wp-json\/wp\/v2\/comments?post=17415"}],"version-history":[{"count":0,"href":"https:\/\/cbleon-abogados.com\/en\/wp-json\/wp\/v2\/pages\/17415\/revisions"}],"wp:attachment":[{"href":"https:\/\/cbleon-abogados.com\/en\/wp-json\/wp\/v2\/media?parent=17415"}],"curies":[{"name":"wp","href":"https:\/\/api.w.org\/{rel}","templated":true}]}}